{"id":450,"date":"2026-02-22T06:00:50","date_gmt":"2026-02-22T06:00:50","guid":{"rendered":"https:\/\/prosystems.webkursai.lt\/naujienos\/"},"modified":"2026-02-22T16:52:00","modified_gmt":"2026-02-22T16:52:00","slug":"news","status":"publish","type":"page","link":"https:\/\/prosystems.webkursai.lt\/en\/news\/","title":{"rendered":"News"},"content":{"rendered":"<div class=\"wpb-content-wrapper\"><p>[vc_row][vc_column]<div id=\"wd-69e8e2d8ca6d4\" class=\"wd-blog-element wd-rs-699b2f98dc1e9 wd-wpb\"><div class=\"wd-posts wd-blog-holder wd-grid-g\" data-paged=\"1\" data-atts=\"{&quot;carousel_id&quot;:&quot;5000&quot;,&quot;speed&quot;:&quot;5000&quot;,&quot;slides_per_view&quot;:&quot;3&quot;,&quot;slides_per_view_tablet&quot;:&quot;auto&quot;,&quot;slides_per_view_mobile&quot;:&quot;auto&quot;,&quot;wrap&quot;:&quot;&quot;,&quot;loop&quot;:false,&quot;autoplay&quot;:&quot;no&quot;,&quot;autoheight&quot;:&quot;no&quot;,&quot;hide_pagination_control&quot;:&quot;&quot;,&quot;hide_pagination_control_tablet&quot;:&quot;yes&quot;,&quot;hide_pagination_control_mobile&quot;:&quot;yes&quot;,&quot;dynamic_pagination_control&quot;:&quot;no&quot;,&quot;hide_prev_next_buttons&quot;:&quot;&quot;,&quot;hide_prev_next_buttons_tablet&quot;:&quot;&quot;,&quot;hide_prev_next_buttons_mobile&quot;:&quot;&quot;,&quot;carousel_arrows_position&quot;:&quot;&quot;,&quot;hide_scrollbar&quot;:&quot;yes&quot;,&quot;hide_scrollbar_tablet&quot;:&quot;yes&quot;,&quot;hide_scrollbar_mobile&quot;:&quot;yes&quot;,&quot;scroll_per_page&quot;:&quot;yes&quot;,&quot;dragEndSpeed&quot;:200,&quot;center_mode&quot;:&quot;no&quot;,&quot;custom_sizes&quot;:&quot;&quot;,&quot;sliding_speed&quot;:false,&quot;animation&quot;:false,&quot;content_animation&quot;:false,&quot;post_type&quot;:&quot;post&quot;,&quot;slider&quot;:&quot;&quot;,&quot;library&quot;:&quot;&quot;,&quot;css&quot;:&quot;&quot;,&quot;effect&quot;:&quot;&quot;,&quot;spacing&quot;:&quot;&quot;,&quot;spacing_tablet&quot;:&quot;&quot;,&quot;spacing_mobile&quot;:&quot;&quot;,&quot;carousel_sync&quot;:&quot;&quot;,&quot;sync_parent_id&quot;:&quot;&quot;,&quot;sync_child_id&quot;:&quot;&quot;,&quot;scroll_carousel_init&quot;:&quot;no&quot;,&quot;disable_overflow_carousel&quot;:&quot;no&quot;,&quot;include&quot;:&quot;&quot;,&quot;custom_query&quot;:&quot;&quot;,&quot;taxonomies&quot;:&quot;&quot;,&quot;pagination&quot;:&quot;&quot;,&quot;parts_media&quot;:true,&quot;parts_title&quot;:&quot;1&quot;,&quot;parts_meta&quot;:&quot;0&quot;,&quot;parts_text&quot;:&quot;1&quot;,&quot;parts_btn&quot;:&quot;0&quot;,&quot;parts_published_date&quot;:&quot;0&quot;,&quot;items_per_page&quot;:12,&quot;offset&quot;:&quot;&quot;,&quot;orderby&quot;:&quot;date&quot;,&quot;order&quot;:&quot;DESC&quot;,&quot;meta_key&quot;:&quot;&quot;,&quot;exclude&quot;:&quot;&quot;,&quot;class&quot;:&quot;&quot;,&quot;ajax_page&quot;:&quot;&quot;,&quot;img_size&quot;:&quot;400x300&quot;,&quot;img_size_custom&quot;:[],&quot;blog_design&quot;:&quot;masonry&quot;,&quot;blog_masonry&quot;:&quot;0&quot;,&quot;blog_carousel_design&quot;:&quot;masonry&quot;,&quot;blog_columns&quot;:3,&quot;blog_columns_tablet&quot;:&quot;auto&quot;,&quot;blog_columns_mobile&quot;:&quot;auto&quot;,&quot;blog_spacing&quot;:&quot;20&quot;,&quot;blog_spacing_tablet&quot;:&quot;&quot;,&quot;blog_spacing_mobile&quot;:&quot;&quot;,&quot;lazy_loading&quot;:&quot;no&quot;,&quot;search&quot;:&quot;&quot;,&quot;woodmart_css_id&quot;:&quot;699b2f98dc1e9&quot;,&quot;element_title&quot;:&quot;&quot;,&quot;element_title_tag&quot;:&quot;h3&quot;,&quot;inner_content&quot;:&quot;&quot;,&quot;el_id&quot;:&quot;wd-69e8e2d8ca6d4&quot;,&quot;el_class&quot;:&quot;&quot;,&quot;wrapper_classes&quot;:&quot;&quot;}\" data-source=\"shortcode\" style=\"--wd-col-lg:3;--wd-col-md:3;--wd-col-sm:1;--wd-gap-lg:20px;--wd-gap-sm:10px;\">\n<article id=\"post-459\" class=\"wd-post blog-design-masonry blog-post-loop blog-style-bg wd-add-shadow wd-col post-459 post type-post status-publish format-standard has-post-thumbnail hentry category-uncategorized\">\n\t<div class=\"wd-post-inner article-inner\">\n\t\t\t\t\t<div class=\"wd-post-thumb entry-header\">\n\t\t\t\t\t\t\t\t\t<div class=\"wd-post-img post-img-wrapp\">\n\t\t\t\t\t\t<img loading=\"lazy\" decoding=\"async\" width=\"400\" height=\"267\" src=\"https:\/\/prosystems.webkursai.lt\/wp-content\/uploads\/2026\/02\/dreamstime_eu-europe-law-rules-legislation-regulation.jpeg\" class=\"attachment-400x300 size-400x300\" alt=\"\" srcset=\"https:\/\/prosystems.webkursai.lt\/wp-content\/uploads\/2026\/02\/dreamstime_eu-europe-law-rules-legislation-regulation.jpeg 1100w, https:\/\/prosystems.webkursai.lt\/wp-content\/uploads\/2026\/02\/dreamstime_eu-europe-law-rules-legislation-regulation-300x200.jpeg 300w, https:\/\/prosystems.webkursai.lt\/wp-content\/uploads\/2026\/02\/dreamstime_eu-europe-law-rules-legislation-regulation-1024x682.jpeg 1024w, https:\/\/prosystems.webkursai.lt\/wp-content\/uploads\/2026\/02\/dreamstime_eu-europe-law-rules-legislation-regulation-768x512.jpeg 768w, https:\/\/prosystems.webkursai.lt\/wp-content\/uploads\/2026\/02\/dreamstime_eu-europe-law-rules-legislation-regulation-200x133.jpeg 200w\" sizes=\"auto, (max-width: 400px) 100vw, 400px\" \/>\t\t\t\t\t<\/div>\n\t\t\t\t\t\t\t\t\t\t<a class=\"wd-fill\" tabindex=\"-1\" href=\"https:\/\/prosystems.webkursai.lt\/en\/the-european-union-adopted-a-new-directive\/\" aria-label=\"Link on post The European Union adopted a new Directive\"><\/a>\n\t\t\t\t\n\t\t\t\t\t\t\t<\/div>\n\t\t\n\t\t<div class=\"wd-post-content article-body-container\">\n\t\t\t\n\t\t\t\t\t\t\t<h3 class=\"wd-post-title wd-entities-title title post-title\">\n\t\t\t\t\t<a href=\"https:\/\/prosystems.webkursai.lt\/en\/the-european-union-adopted-a-new-directive\/\" rel=\"bookmark\">The European Union adopted a new Directive<\/a>\n\t\t\t\t<\/h3>\n\t\t\t\n\t\t\t\n\t\t\t\t\t\t\t\t\t\t\t\t<div class=\"wd-post-excerpt entry-content\">\n\t\t\t\t\t\tIn 2005 The European Union adopted a new Directive 2005\/32\/EC on the eco-design of energy-using products (the Ecodesign Directive).\n\nIt...\t\t\t\t\t<\/div>\n\t\t\t\t\n\t\t\t\t\t\t\t\t\t<\/div>\n\t<\/div>\n<\/article>\n\n<\/div><\/div>[\/vc_column][\/vc_row]<\/p>\n<\/div>","protected":false},"excerpt":{"rendered":"<p>[vc_row][vc_column][\/vc_column][\/vc_row]<\/p>\n","protected":false},"author":1,"featured_media":0,"parent":0,"menu_order":0,"comment_status":"closed","ping_status":"closed","template":"","meta":{"_monsterinsights_skip_tracking":false,"_monsterinsights_sitenote_active":false,"_monsterinsights_sitenote_note":"","_monsterinsights_sitenote_category":0,"footnotes":""},"class_list":["post-450","page","type-page","status-publish","hentry"],"yoast_head":"<!-- This site is optimized with the Yoast SEO plugin v27.2 - https:\/\/yoast.com\/product\/yoast-seo-wordpress\/ -->\n<title>News - prosystems.lt<\/title>\n<meta name=\"robots\" content=\"index, follow, max-snippet:-1, max-image-preview:large, max-video-preview:-1\" \/>\n<link rel=\"canonical\" href=\"https:\/\/prosystems.webkursai.lt\/en\/news\/\" \/>\n<meta property=\"og:locale\" content=\"en_US\" \/>\n<meta property=\"og:type\" content=\"article\" \/>\n<meta property=\"og:title\" content=\"News - prosystems.lt\" \/>\n<meta property=\"og:url\" content=\"https:\/\/prosystems.webkursai.lt\/en\/news\/\" \/>\n<meta property=\"og:site_name\" content=\"prosystems.lt\" \/>\n<meta property=\"article:modified_time\" content=\"2026-02-22T16:52:00+00:00\" \/>\n<meta name=\"twitter:card\" content=\"summary_large_image\" \/>\n<meta name=\"twitter:label1\" content=\"Est. reading time\" \/>\n\t<meta name=\"twitter:data1\" content=\"1 minute\" \/>\n<script type=\"application\/ld+json\" class=\"yoast-schema-graph\">{\"@context\":\"https:\/\/schema.org\",\"@graph\":[{\"@type\":\"WebPage\",\"@id\":\"https:\/\/prosystems.webkursai.lt\/en\/news\/\",\"url\":\"https:\/\/prosystems.webkursai.lt\/en\/news\/\",\"name\":\"News - prosystems.lt\",\"isPartOf\":{\"@id\":\"https:\/\/prosystems.webkursai.lt\/en\/#website\"},\"datePublished\":\"2026-02-22T06:00:50+00:00\",\"dateModified\":\"2026-02-22T16:52:00+00:00\",\"breadcrumb\":{\"@id\":\"https:\/\/prosystems.webkursai.lt\/en\/news\/#breadcrumb\"},\"inLanguage\":\"en-US\",\"potentialAction\":[{\"@type\":\"ReadAction\",\"target\":[\"https:\/\/prosystems.webkursai.lt\/en\/news\/\"]}]},{\"@type\":\"BreadcrumbList\",\"@id\":\"https:\/\/prosystems.webkursai.lt\/en\/news\/#breadcrumb\",\"itemListElement\":[{\"@type\":\"ListItem\",\"position\":1,\"name\":\"Home\",\"item\":\"https:\/\/prosystems.webkursai.lt\/en\/\"},{\"@type\":\"ListItem\",\"position\":2,\"name\":\"News\"}]},{\"@type\":\"WebSite\",\"@id\":\"https:\/\/prosystems.webkursai.lt\/en\/#website\",\"url\":\"https:\/\/prosystems.webkursai.lt\/en\/\",\"name\":\"Greziniai365.lt\",\"description\":\"in\u017einerin\u0117 \u012fmon\u0117\",\"publisher\":{\"@id\":\"https:\/\/prosystems.webkursai.lt\/en\/#organization\"},\"potentialAction\":[{\"@type\":\"SearchAction\",\"target\":{\"@type\":\"EntryPoint\",\"urlTemplate\":\"https:\/\/prosystems.webkursai.lt\/en\/?s={search_term_string}\"},\"query-input\":{\"@type\":\"PropertyValueSpecification\",\"valueRequired\":true,\"valueName\":\"search_term_string\"}}],\"inLanguage\":\"en-US\"},{\"@type\":\"Organization\",\"@id\":\"https:\/\/prosystems.webkursai.lt\/en\/#organization\",\"name\":\"Greziniai365.lt\",\"url\":\"https:\/\/prosystems.webkursai.lt\/en\/\",\"logo\":{\"@type\":\"ImageObject\",\"inLanguage\":\"en-US\",\"@id\":\"https:\/\/prosystems.webkursai.lt\/en\/#\/schema\/logo\/image\/\",\"url\":\"http:\/\/prosystems.webkursai.lt\/wp-content\/uploads\/2025\/12\/greziniai.png\",\"contentUrl\":\"http:\/\/prosystems.webkursai.lt\/wp-content\/uploads\/2025\/12\/greziniai.png\",\"width\":936,\"height\":430,\"caption\":\"Greziniai365.lt\"},\"image\":{\"@id\":\"https:\/\/prosystems.webkursai.lt\/en\/#\/schema\/logo\/image\/\"}}]}<\/script>\n<!-- \/ Yoast SEO plugin. -->","yoast_head_json":{"title":"News - prosystems.lt","robots":{"index":"index","follow":"follow","max-snippet":"max-snippet:-1","max-image-preview":"max-image-preview:large","max-video-preview":"max-video-preview:-1"},"canonical":"https:\/\/prosystems.webkursai.lt\/en\/news\/","og_locale":"en_US","og_type":"article","og_title":"News - prosystems.lt","og_url":"https:\/\/prosystems.webkursai.lt\/en\/news\/","og_site_name":"prosystems.lt","article_modified_time":"2026-02-22T16:52:00+00:00","twitter_card":"summary_large_image","twitter_misc":{"Est. reading time":"1 minute"},"schema":{"@context":"https:\/\/schema.org","@graph":[{"@type":"WebPage","@id":"https:\/\/prosystems.webkursai.lt\/en\/news\/","url":"https:\/\/prosystems.webkursai.lt\/en\/news\/","name":"News - prosystems.lt","isPartOf":{"@id":"https:\/\/prosystems.webkursai.lt\/en\/#website"},"datePublished":"2026-02-22T06:00:50+00:00","dateModified":"2026-02-22T16:52:00+00:00","breadcrumb":{"@id":"https:\/\/prosystems.webkursai.lt\/en\/news\/#breadcrumb"},"inLanguage":"en-US","potentialAction":[{"@type":"ReadAction","target":["https:\/\/prosystems.webkursai.lt\/en\/news\/"]}]},{"@type":"BreadcrumbList","@id":"https:\/\/prosystems.webkursai.lt\/en\/news\/#breadcrumb","itemListElement":[{"@type":"ListItem","position":1,"name":"Home","item":"https:\/\/prosystems.webkursai.lt\/en\/"},{"@type":"ListItem","position":2,"name":"News"}]},{"@type":"WebSite","@id":"https:\/\/prosystems.webkursai.lt\/en\/#website","url":"https:\/\/prosystems.webkursai.lt\/en\/","name":"Greziniai365.lt","description":"in\u017einerin\u0117 \u012fmon\u0117","publisher":{"@id":"https:\/\/prosystems.webkursai.lt\/en\/#organization"},"potentialAction":[{"@type":"SearchAction","target":{"@type":"EntryPoint","urlTemplate":"https:\/\/prosystems.webkursai.lt\/en\/?s={search_term_string}"},"query-input":{"@type":"PropertyValueSpecification","valueRequired":true,"valueName":"search_term_string"}}],"inLanguage":"en-US"},{"@type":"Organization","@id":"https:\/\/prosystems.webkursai.lt\/en\/#organization","name":"Greziniai365.lt","url":"https:\/\/prosystems.webkursai.lt\/en\/","logo":{"@type":"ImageObject","inLanguage":"en-US","@id":"https:\/\/prosystems.webkursai.lt\/en\/#\/schema\/logo\/image\/","url":"http:\/\/prosystems.webkursai.lt\/wp-content\/uploads\/2025\/12\/greziniai.png","contentUrl":"http:\/\/prosystems.webkursai.lt\/wp-content\/uploads\/2025\/12\/greziniai.png","width":936,"height":430,"caption":"Greziniai365.lt"},"image":{"@id":"https:\/\/prosystems.webkursai.lt\/en\/#\/schema\/logo\/image\/"}}]}},"_links":{"self":[{"href":"https:\/\/prosystems.webkursai.lt\/en\/wp-json\/wp\/v2\/pages\/450","targetHints":{"allow":["GET"]}}],"collection":[{"href":"https:\/\/prosystems.webkursai.lt\/en\/wp-json\/wp\/v2\/pages"}],"about":[{"href":"https:\/\/prosystems.webkursai.lt\/en\/wp-json\/wp\/v2\/types\/page"}],"author":[{"embeddable":true,"href":"https:\/\/prosystems.webkursai.lt\/en\/wp-json\/wp\/v2\/users\/1"}],"replies":[{"embeddable":true,"href":"https:\/\/prosystems.webkursai.lt\/en\/wp-json\/wp\/v2\/comments?post=450"}],"version-history":[{"count":1,"href":"https:\/\/prosystems.webkursai.lt\/en\/wp-json\/wp\/v2\/pages\/450\/revisions"}],"predecessor-version":[{"id":467,"href":"https:\/\/prosystems.webkursai.lt\/en\/wp-json\/wp\/v2\/pages\/450\/revisions\/467"}],"wp:attachment":[{"href":"https:\/\/prosystems.webkursai.lt\/en\/wp-json\/wp\/v2\/media?parent=450"}],"curies":[{"name":"wp","href":"https:\/\/api.w.org\/{rel}","templated":true}]}}