{"id":453,"date":"2025-12-08T14:55:14","date_gmt":"2025-12-08T14:55:14","guid":{"rendered":"https:\/\/prosystems.webkursai.lt\/projektai\/"},"modified":"2026-03-21T16:16:49","modified_gmt":"2026-03-21T16:16:49","slug":"projects","status":"publish","type":"page","link":"https:\/\/prosystems.webkursai.lt\/en\/projects\/","title":{"rendered":"Projects"},"content":{"rendered":"<div class=\"wpb-content-wrapper\"><p>[vc_row][vc_column]\n\t\t<div id=\"wd-69bec41fadbdc\" class=\"title-wrapper wd-wpb wd-set-mb reset-last-child  wd-rs-69bec41fadbdc wd-title-color-default wd-title-style-default text-left  wd-underline-colored\">\n\t\t\t\n\t\t\t<div class=\"liner-continer\">\n\t\t\t\t<h4 class=\"woodmart-title-container title  wd-font-weight- wd-fontsize-l\" >Participated in the implementation, reconstruction, and design of projects such as:<\/h4>\n\t\t\t\t\t\t\t<\/div>\n\t\t\t\n\t\t\t\t\t\t\t<div class=\"title-after_title reset-last-child  wd-fontsize-xs\">\u201cMaldis\u201d, \u201cAgaras\u201d, \u201cNorvelita\u201d, \u201cBau Solutions\u201d, \u201cBoslita\u201d, \u201cEspersen\u201d, Institute of Physics, \u201cGalvanta\u201d, \u201cHarju Electric\u201d, \u201cIneco\u201d, VMTI, \u201cGreen Genius\u201d, \u201cPadvaiskas and Co\u201d, as well as many other projects.<\/div>\n\t\t\t\n\t\t\t\n\t\t<\/div>\n\t\t\n\t\t\t\t<div id=\"gallery_932\" class=\"wd-images-gallery wd-wpb wd-rs-69bec2cdef9a3 photoswipe-images\" style=\"--wd-justify-content:center;--wd-align-items:center;\">\n\t\t\t\n\t\t\t<div class=\" wd-grid-g\" style=\"--wd-col-lg:4;--wd-col-md:2;--wd-col-sm:2;--wd-gap-lg:6px;\">\n\t\t\t\t\n\t\t\t\t\t\t\t\t\t\t\t\t\t\t\t<div class=\"wd-gallery-item wd-col\">\n\t\t\t\t\t\t\t\t\t\t\t\t\t\t<a href=\"https:\/\/prosystems.webkursai.lt\/wp-content\/uploads\/2026\/03\/220720170370_i_taeg-1.png\" data-elementor-open-lightbox=\"no\" data-index=\"1\" data-width=\"661\" data-height=\"323\" \n\t\t\t\t\t\t\t\t\t\t\t\t >\n\t\t\t\t\t\t\t\t\n\t\t\t\t\t\t\t\t<img loading=\"lazy\" decoding=\"async\" width=\"661\" height=\"323\" src=\"https:\/\/prosystems.webkursai.lt\/wp-content\/uploads\/2026\/03\/220720170370_i_taeg-1.png\" class=\"wd-gallery-image image-1\" alt=\"\" srcset=\"https:\/\/prosystems.webkursai.lt\/wp-content\/uploads\/2026\/03\/220720170370_i_taeg-1.png 661w, https:\/\/prosystems.webkursai.lt\/wp-content\/uploads\/2026\/03\/220720170370_i_taeg-1-300x147.png 300w, https:\/\/prosystems.webkursai.lt\/wp-content\/uploads\/2026\/03\/220720170370_i_taeg-1-200x98.png 200w\" sizes=\"auto, (max-width: 661px) 100vw, 661px\" \/>\n\t\t\t\t\t\t\t\t\t\t\t\t\t\t\t<\/a>\n\t\t\t\t\t\t\t\t\t\t\t\t<\/div>\n\t\t\t\t\t\t\t\t\t\t\t<div class=\"wd-gallery-item wd-col\">\n\t\t\t\t\t\t\t\t\t\t\t\t\t\t<a href=\"https:\/\/prosystems.webkursai.lt\/wp-content\/uploads\/2026\/03\/251023093370_asg2_140_10_2025.png\" data-elementor-open-lightbox=\"no\" data-index=\"2\" data-width=\"661\" data-height=\"413\" \n\t\t\t\t\t\t\t\t\t\t\t\t >\n\t\t\t\t\t\t\t\t\n\t\t\t\t\t\t\t\t<img loading=\"lazy\" decoding=\"async\" width=\"661\" height=\"413\" src=\"https:\/\/prosystems.webkursai.lt\/wp-content\/uploads\/2026\/03\/251023093370_asg2_140_10_2025.png\" class=\"wd-gallery-image image-2\" alt=\"\" srcset=\"https:\/\/prosystems.webkursai.lt\/wp-content\/uploads\/2026\/03\/251023093370_asg2_140_10_2025.png 661w, https:\/\/prosystems.webkursai.lt\/wp-content\/uploads\/2026\/03\/251023093370_asg2_140_10_2025-300x187.png 300w, https:\/\/prosystems.webkursai.lt\/wp-content\/uploads\/2026\/03\/251023093370_asg2_140_10_2025-200x125.png 200w\" sizes=\"auto, (max-width: 661px) 100vw, 661px\" \/>\n\t\t\t\t\t\t\t\t\t\t\t\t\t\t\t<\/a>\n\t\t\t\t\t\t\t\t\t\t\t\t<\/div>\n\t\t\t\t\t\t\t\t\t\t\t<div class=\"wd-gallery-item wd-col\">\n\t\t\t\t\t\t\t\t\t\t\t\t\t\t<a href=\"https:\/\/prosystems.webkursai.lt\/wp-content\/uploads\/2026\/03\/IR_commercialproductdetail_product_sgc-hp-unit.jpg\" data-elementor-open-lightbox=\"no\" data-index=\"3\" data-width=\"694\" data-height=\"400\" \n\t\t\t\t\t\t\t\t\t\t\t\t >\n\t\t\t\t\t\t\t\t\n\t\t\t\t\t\t\t\t<img loading=\"lazy\" decoding=\"async\" width=\"694\" height=\"400\" src=\"https:\/\/prosystems.webkursai.lt\/wp-content\/uploads\/2026\/03\/IR_commercialproductdetail_product_sgc-hp-unit.jpg\" class=\"wd-gallery-image image-3\" alt=\"\" srcset=\"https:\/\/prosystems.webkursai.lt\/wp-content\/uploads\/2026\/03\/IR_commercialproductdetail_product_sgc-hp-unit.jpg 694w, https:\/\/prosystems.webkursai.lt\/wp-content\/uploads\/2026\/03\/IR_commercialproductdetail_product_sgc-hp-unit-300x173.jpg 300w, https:\/\/prosystems.webkursai.lt\/wp-content\/uploads\/2026\/03\/IR_commercialproductdetail_product_sgc-hp-unit-200x115.jpg 200w\" sizes=\"auto, (max-width: 694px) 100vw, 694px\" \/>\n\t\t\t\t\t\t\t\t\t\t\t\t\t\t\t<\/a>\n\t\t\t\t\t\t\t\t\t\t\t\t<\/div>\n\t\t\t\t\t\t\t\t\t\t\t<div class=\"wd-gallery-item wd-col\">\n\t\t\t\t\t\t\t\t\t\t\t\t\t\t<a href=\"https:\/\/prosystems.webkursai.lt\/wp-content\/uploads\/2026\/03\/IR_commercialproductfamily_productcardimage_compac.jpg\" data-elementor-open-lightbox=\"no\" data-index=\"4\" data-width=\"780\" data-height=\"460\" \n\t\t\t\t\t\t\t\t\t\t\t\t >\n\t\t\t\t\t\t\t\t\n\t\t\t\t\t\t\t\t<img loading=\"lazy\" decoding=\"async\" width=\"780\" height=\"460\" src=\"https:\/\/prosystems.webkursai.lt\/wp-content\/uploads\/2026\/03\/IR_commercialproductfamily_productcardimage_compac.jpg\" class=\"wd-gallery-image image-4\" alt=\"\" srcset=\"https:\/\/prosystems.webkursai.lt\/wp-content\/uploads\/2026\/03\/IR_commercialproductfamily_productcardimage_compac.jpg 780w, https:\/\/prosystems.webkursai.lt\/wp-content\/uploads\/2026\/03\/IR_commercialproductfamily_productcardimage_compac-300x177.jpg 300w, https:\/\/prosystems.webkursai.lt\/wp-content\/uploads\/2026\/03\/IR_commercialproductfamily_productcardimage_compac-768x453.jpg 768w, https:\/\/prosystems.webkursai.lt\/wp-content\/uploads\/2026\/03\/IR_commercialproductfamily_productcardimage_compac-200x118.jpg 200w\" sizes=\"auto, (max-width: 780px) 100vw, 780px\" \/>\n\t\t\t\t\t\t\t\t\t\t\t\t\t\t\t<\/a>\n\t\t\t\t\t\t\t\t\t\t\t\t<\/div>\n\t\t\t\t\t\t\t\t\t\t\t<div class=\"wd-gallery-item wd-col\">\n\t\t\t\t\t\t\t\t\t\t\t\t\t\t<a href=\"https:\/\/prosystems.webkursai.lt\/wp-content\/uploads\/2026\/03\/IR_commercialproductfamily_productcardimage_sgc-unit.jpg\" data-elementor-open-lightbox=\"no\" data-index=\"5\" data-width=\"780\" data-height=\"460\" \n\t\t\t\t\t\t\t\t\t\t\t\t >\n\t\t\t\t\t\t\t\t\n\t\t\t\t\t\t\t\t<img loading=\"lazy\" decoding=\"async\" width=\"780\" height=\"460\" src=\"https:\/\/prosystems.webkursai.lt\/wp-content\/uploads\/2026\/03\/IR_commercialproductfamily_productcardimage_sgc-unit.jpg\" class=\"wd-gallery-image image-5\" alt=\"\" srcset=\"https:\/\/prosystems.webkursai.lt\/wp-content\/uploads\/2026\/03\/IR_commercialproductfamily_productcardimage_sgc-unit.jpg 780w, https:\/\/prosystems.webkursai.lt\/wp-content\/uploads\/2026\/03\/IR_commercialproductfamily_productcardimage_sgc-unit-300x177.jpg 300w, https:\/\/prosystems.webkursai.lt\/wp-content\/uploads\/2026\/03\/IR_commercialproductfamily_productcardimage_sgc-unit-768x453.jpg 768w, https:\/\/prosystems.webkursai.lt\/wp-content\/uploads\/2026\/03\/IR_commercialproductfamily_productcardimage_sgc-unit-200x118.jpg 200w\" sizes=\"auto, (max-width: 780px) 100vw, 780px\" \/>\n\t\t\t\t\t\t\t\t\t\t\t\t\t\t\t<\/a>\n\t\t\t\t\t\t\t\t\t\t\t\t<\/div>\n\t\t\t\t\t\t\t\t\t\t\t<div class=\"wd-gallery-item wd-col\">\n\t\t\t\t\t\t\t\t\t\t\t\t\t\t<a href=\"https:\/\/prosystems.webkursai.lt\/wp-content\/uploads\/2026\/03\/IR_commercialproductfamily_productcardimage_smc-unit.jpg\" data-elementor-open-lightbox=\"no\" data-index=\"6\" data-width=\"780\" data-height=\"460\" \n\t\t\t\t\t\t\t\t\t\t\t\t >\n\t\t\t\t\t\t\t\t\n\t\t\t\t\t\t\t\t<img loading=\"lazy\" decoding=\"async\" width=\"780\" height=\"460\" src=\"https:\/\/prosystems.webkursai.lt\/wp-content\/uploads\/2026\/03\/IR_commercialproductfamily_productcardimage_smc-unit.jpg\" class=\"wd-gallery-image image-6\" alt=\"\" srcset=\"https:\/\/prosystems.webkursai.lt\/wp-content\/uploads\/2026\/03\/IR_commercialproductfamily_productcardimage_smc-unit.jpg 780w, https:\/\/prosystems.webkursai.lt\/wp-content\/uploads\/2026\/03\/IR_commercialproductfamily_productcardimage_smc-unit-300x177.jpg 300w, https:\/\/prosystems.webkursai.lt\/wp-content\/uploads\/2026\/03\/IR_commercialproductfamily_productcardimage_smc-unit-768x453.jpg 768w, https:\/\/prosystems.webkursai.lt\/wp-content\/uploads\/2026\/03\/IR_commercialproductfamily_productcardimage_smc-unit-200x118.jpg 200w\" sizes=\"auto, (max-width: 780px) 100vw, 780px\" \/>\n\t\t\t\t\t\t\t\t\t\t\t\t\t\t\t<\/a>\n\t\t\t\t\t\t\t\t\t\t\t\t<\/div>\n\t\t\t\t\t\t\t\t\t\t\t<div class=\"wd-gallery-item wd-col\">\n\t\t\t\t\t\t\t\t\t\t\t\t\t\t<a href=\"https:\/\/prosystems.webkursai.lt\/wp-content\/uploads\/2026\/02\/VMTI-1.jpg\" data-elementor-open-lightbox=\"no\" data-index=\"7\" data-width=\"250\" data-height=\"187\" \n\t\t\t\t\t\t\t\t\t\t\t\t >\n\t\t\t\t\t\t\t\t\n\t\t\t\t\t\t\t\t<img loading=\"lazy\" decoding=\"async\" width=\"250\" height=\"187\" src=\"https:\/\/prosystems.webkursai.lt\/wp-content\/uploads\/2026\/02\/VMTI-1.jpg\" class=\"wd-gallery-image image-7\" alt=\"\" srcset=\"https:\/\/prosystems.webkursai.lt\/wp-content\/uploads\/2026\/02\/VMTI-1.jpg 250w, https:\/\/prosystems.webkursai.lt\/wp-content\/uploads\/2026\/02\/VMTI-1-200x150.jpg 200w\" sizes=\"auto, (max-width: 250px) 100vw, 250px\" \/>\n\t\t\t\t\t\t\t\t\t\t\t\t\t\t\t<\/a>\n\t\t\t\t\t\t\t\t\t\t\t\t<\/div>\n\t\t\t\t\t\t\t\t\t\t\t<div class=\"wd-gallery-item wd-col\">\n\t\t\t\t\t\t\t\t\t\t\t\t\t\t<a href=\"https:\/\/prosystems.webkursai.lt\/wp-content\/uploads\/2026\/02\/VMTI-2.jpg\" data-elementor-open-lightbox=\"no\" data-index=\"8\" data-width=\"250\" data-height=\"187\" \n\t\t\t\t\t\t\t\t\t\t\t\t >\n\t\t\t\t\t\t\t\t\n\t\t\t\t\t\t\t\t<img loading=\"lazy\" decoding=\"async\" width=\"250\" height=\"187\" src=\"https:\/\/prosystems.webkursai.lt\/wp-content\/uploads\/2026\/02\/VMTI-2.jpg\" class=\"wd-gallery-image image-8\" alt=\"\" srcset=\"https:\/\/prosystems.webkursai.lt\/wp-content\/uploads\/2026\/02\/VMTI-2.jpg 250w, https:\/\/prosystems.webkursai.lt\/wp-content\/uploads\/2026\/02\/VMTI-2-200x150.jpg 200w\" sizes=\"auto, (max-width: 250px) 100vw, 250px\" \/>\n\t\t\t\t\t\t\t\t\t\t\t\t\t\t\t<\/a>\n\t\t\t\t\t\t\t\t\t\t\t\t<\/div>\n\t\t\t\t\t\t\t\t\t\t\t<div class=\"wd-gallery-item wd-col\">\n\t\t\t\t\t\t\t\t\t\t\t\t\t\t<a href=\"https:\/\/prosystems.webkursai.lt\/wp-content\/uploads\/2026\/03\/gomel-2.jpg\" data-elementor-open-lightbox=\"no\" data-index=\"9\" data-width=\"250\" data-height=\"187\" \n\t\t\t\t\t\t\t\t\t\t\t\t >\n\t\t\t\t\t\t\t\t\n\t\t\t\t\t\t\t\t<img loading=\"lazy\" decoding=\"async\" width=\"250\" height=\"187\" src=\"https:\/\/prosystems.webkursai.lt\/wp-content\/uploads\/2026\/03\/gomel-2.jpg\" class=\"wd-gallery-image image-9\" alt=\"\" srcset=\"https:\/\/prosystems.webkursai.lt\/wp-content\/uploads\/2026\/03\/gomel-2.jpg 250w, https:\/\/prosystems.webkursai.lt\/wp-content\/uploads\/2026\/03\/gomel-2-200x150.jpg 200w\" sizes=\"auto, (max-width: 250px) 100vw, 250px\" \/>\n\t\t\t\t\t\t\t\t\t\t\t\t\t\t\t<\/a>\n\t\t\t\t\t\t\t\t\t\t\t\t<\/div>\n\t\t\t\t\t\t\t\t\t\t\t<div class=\"wd-gallery-item wd-col\">\n\t\t\t\t\t\t\t\t\t\t\t\t\t\t<a href=\"https:\/\/prosystems.webkursai.lt\/wp-content\/uploads\/2026\/03\/gomel-1.jpg\" data-elementor-open-lightbox=\"no\" data-index=\"10\" data-width=\"250\" data-height=\"187\" \n\t\t\t\t\t\t\t\t\t\t\t\t >\n\t\t\t\t\t\t\t\t\n\t\t\t\t\t\t\t\t<img loading=\"lazy\" decoding=\"async\" width=\"250\" height=\"187\" src=\"https:\/\/prosystems.webkursai.lt\/wp-content\/uploads\/2026\/03\/gomel-1.jpg\" class=\"wd-gallery-image image-10\" alt=\"\" srcset=\"https:\/\/prosystems.webkursai.lt\/wp-content\/uploads\/2026\/03\/gomel-1.jpg 250w, https:\/\/prosystems.webkursai.lt\/wp-content\/uploads\/2026\/03\/gomel-1-200x150.jpg 200w\" sizes=\"auto, (max-width: 250px) 100vw, 250px\" \/>\n\t\t\t\t\t\t\t\t\t\t\t\t\t\t\t<\/a>\n\t\t\t\t\t\t\t\t\t\t\t\t<\/div>\n\t\t\t\t\t\t\t\t\t\n\t\t\t\t\t\t\t<\/div>\n\n\t\t\t\t\t<\/div>\n\t\t[\/vc_column][\/vc_row]<\/p>\n<\/div>","protected":false},"excerpt":{"rendered":"<p>[vc_row][vc_column][\/vc_column][\/vc_row]<\/p>\n","protected":false},"author":1,"featured_media":0,"parent":0,"menu_order":0,"comment_status":"closed","ping_status":"closed","template":"","meta":{"_monsterinsights_skip_tracking":false,"_monsterinsights_sitenote_active":false,"_monsterinsights_sitenote_note":"","_monsterinsights_sitenote_category":0,"footnotes":""},"class_list":["post-453","page","type-page","status-publish","hentry"],"yoast_head":"<!-- This site is optimized with the Yoast SEO plugin v27.2 - https:\/\/yoast.com\/product\/yoast-seo-wordpress\/ -->\n<title>Projects - prosystems.lt<\/title>\n<meta name=\"robots\" content=\"index, follow, max-snippet:-1, max-image-preview:large, max-video-preview:-1\" \/>\n<link rel=\"canonical\" href=\"https:\/\/prosystems.webkursai.lt\/en\/projects\/\" \/>\n<meta property=\"og:locale\" content=\"en_US\" \/>\n<meta property=\"og:type\" content=\"article\" \/>\n<meta property=\"og:title\" content=\"Projects - prosystems.lt\" \/>\n<meta property=\"og:url\" content=\"https:\/\/prosystems.webkursai.lt\/en\/projects\/\" \/>\n<meta property=\"og:site_name\" content=\"prosystems.lt\" \/>\n<meta property=\"article:modified_time\" content=\"2026-03-21T16:16:49+00:00\" \/>\n<meta name=\"twitter:card\" content=\"summary_large_image\" \/>\n<meta name=\"twitter:label1\" content=\"Est. reading time\" \/>\n\t<meta name=\"twitter:data1\" content=\"3 minutes\" \/>\n<script type=\"application\/ld+json\" class=\"yoast-schema-graph\">{\"@context\":\"https:\/\/schema.org\",\"@graph\":[{\"@type\":\"WebPage\",\"@id\":\"https:\/\/prosystems.webkursai.lt\/en\/projects\/\",\"url\":\"https:\/\/prosystems.webkursai.lt\/en\/projects\/\",\"name\":\"Projects - prosystems.lt\",\"isPartOf\":{\"@id\":\"https:\/\/prosystems.webkursai.lt\/en\/#website\"},\"datePublished\":\"2025-12-08T14:55:14+00:00\",\"dateModified\":\"2026-03-21T16:16:49+00:00\",\"breadcrumb\":{\"@id\":\"https:\/\/prosystems.webkursai.lt\/en\/projects\/#breadcrumb\"},\"inLanguage\":\"en-US\",\"potentialAction\":[{\"@type\":\"ReadAction\",\"target\":[\"https:\/\/prosystems.webkursai.lt\/en\/projects\/\"]}]},{\"@type\":\"BreadcrumbList\",\"@id\":\"https:\/\/prosystems.webkursai.lt\/en\/projects\/#breadcrumb\",\"itemListElement\":[{\"@type\":\"ListItem\",\"position\":1,\"name\":\"Home\",\"item\":\"https:\/\/prosystems.webkursai.lt\/en\/\"},{\"@type\":\"ListItem\",\"position\":2,\"name\":\"Projects\"}]},{\"@type\":\"WebSite\",\"@id\":\"https:\/\/prosystems.webkursai.lt\/en\/#website\",\"url\":\"https:\/\/prosystems.webkursai.lt\/en\/\",\"name\":\"Greziniai365.lt\",\"description\":\"in\u017einerin\u0117 \u012fmon\u0117\",\"publisher\":{\"@id\":\"https:\/\/prosystems.webkursai.lt\/en\/#organization\"},\"potentialAction\":[{\"@type\":\"SearchAction\",\"target\":{\"@type\":\"EntryPoint\",\"urlTemplate\":\"https:\/\/prosystems.webkursai.lt\/en\/?s={search_term_string}\"},\"query-input\":{\"@type\":\"PropertyValueSpecification\",\"valueRequired\":true,\"valueName\":\"search_term_string\"}}],\"inLanguage\":\"en-US\"},{\"@type\":\"Organization\",\"@id\":\"https:\/\/prosystems.webkursai.lt\/en\/#organization\",\"name\":\"Greziniai365.lt\",\"url\":\"https:\/\/prosystems.webkursai.lt\/en\/\",\"logo\":{\"@type\":\"ImageObject\",\"inLanguage\":\"en-US\",\"@id\":\"https:\/\/prosystems.webkursai.lt\/en\/#\/schema\/logo\/image\/\",\"url\":\"http:\/\/prosystems.webkursai.lt\/wp-content\/uploads\/2025\/12\/greziniai.png\",\"contentUrl\":\"http:\/\/prosystems.webkursai.lt\/wp-content\/uploads\/2025\/12\/greziniai.png\",\"width\":936,\"height\":430,\"caption\":\"Greziniai365.lt\"},\"image\":{\"@id\":\"https:\/\/prosystems.webkursai.lt\/en\/#\/schema\/logo\/image\/\"}}]}<\/script>\n<!-- \/ Yoast SEO plugin. -->","yoast_head_json":{"title":"Projects - prosystems.lt","robots":{"index":"index","follow":"follow","max-snippet":"max-snippet:-1","max-image-preview":"max-image-preview:large","max-video-preview":"max-video-preview:-1"},"canonical":"https:\/\/prosystems.webkursai.lt\/en\/projects\/","og_locale":"en_US","og_type":"article","og_title":"Projects - prosystems.lt","og_url":"https:\/\/prosystems.webkursai.lt\/en\/projects\/","og_site_name":"prosystems.lt","article_modified_time":"2026-03-21T16:16:49+00:00","twitter_card":"summary_large_image","twitter_misc":{"Est. reading time":"3 minutes"},"schema":{"@context":"https:\/\/schema.org","@graph":[{"@type":"WebPage","@id":"https:\/\/prosystems.webkursai.lt\/en\/projects\/","url":"https:\/\/prosystems.webkursai.lt\/en\/projects\/","name":"Projects - prosystems.lt","isPartOf":{"@id":"https:\/\/prosystems.webkursai.lt\/en\/#website"},"datePublished":"2025-12-08T14:55:14+00:00","dateModified":"2026-03-21T16:16:49+00:00","breadcrumb":{"@id":"https:\/\/prosystems.webkursai.lt\/en\/projects\/#breadcrumb"},"inLanguage":"en-US","potentialAction":[{"@type":"ReadAction","target":["https:\/\/prosystems.webkursai.lt\/en\/projects\/"]}]},{"@type":"BreadcrumbList","@id":"https:\/\/prosystems.webkursai.lt\/en\/projects\/#breadcrumb","itemListElement":[{"@type":"ListItem","position":1,"name":"Home","item":"https:\/\/prosystems.webkursai.lt\/en\/"},{"@type":"ListItem","position":2,"name":"Projects"}]},{"@type":"WebSite","@id":"https:\/\/prosystems.webkursai.lt\/en\/#website","url":"https:\/\/prosystems.webkursai.lt\/en\/","name":"Greziniai365.lt","description":"in\u017einerin\u0117 \u012fmon\u0117","publisher":{"@id":"https:\/\/prosystems.webkursai.lt\/en\/#organization"},"potentialAction":[{"@type":"SearchAction","target":{"@type":"EntryPoint","urlTemplate":"https:\/\/prosystems.webkursai.lt\/en\/?s={search_term_string}"},"query-input":{"@type":"PropertyValueSpecification","valueRequired":true,"valueName":"search_term_string"}}],"inLanguage":"en-US"},{"@type":"Organization","@id":"https:\/\/prosystems.webkursai.lt\/en\/#organization","name":"Greziniai365.lt","url":"https:\/\/prosystems.webkursai.lt\/en\/","logo":{"@type":"ImageObject","inLanguage":"en-US","@id":"https:\/\/prosystems.webkursai.lt\/en\/#\/schema\/logo\/image\/","url":"http:\/\/prosystems.webkursai.lt\/wp-content\/uploads\/2025\/12\/greziniai.png","contentUrl":"http:\/\/prosystems.webkursai.lt\/wp-content\/uploads\/2025\/12\/greziniai.png","width":936,"height":430,"caption":"Greziniai365.lt"},"image":{"@id":"https:\/\/prosystems.webkursai.lt\/en\/#\/schema\/logo\/image\/"}}]}},"_links":{"self":[{"href":"https:\/\/prosystems.webkursai.lt\/en\/wp-json\/wp\/v2\/pages\/453","targetHints":{"allow":["GET"]}}],"collection":[{"href":"https:\/\/prosystems.webkursai.lt\/en\/wp-json\/wp\/v2\/pages"}],"about":[{"href":"https:\/\/prosystems.webkursai.lt\/en\/wp-json\/wp\/v2\/types\/page"}],"author":[{"embeddable":true,"href":"https:\/\/prosystems.webkursai.lt\/en\/wp-json\/wp\/v2\/users\/1"}],"replies":[{"embeddable":true,"href":"https:\/\/prosystems.webkursai.lt\/en\/wp-json\/wp\/v2\/comments?post=453"}],"version-history":[{"count":6,"href":"https:\/\/prosystems.webkursai.lt\/en\/wp-json\/wp\/v2\/pages\/453\/revisions"}],"predecessor-version":[{"id":535,"href":"https:\/\/prosystems.webkursai.lt\/en\/wp-json\/wp\/v2\/pages\/453\/revisions\/535"}],"wp:attachment":[{"href":"https:\/\/prosystems.webkursai.lt\/en\/wp-json\/wp\/v2\/media?parent=453"}],"curies":[{"name":"wp","href":"https:\/\/api.w.org\/{rel}","templated":true}]}}