{"id":455,"date":"2025-12-08T14:54:57","date_gmt":"2025-12-08T14:54:57","guid":{"rendered":"https:\/\/prosystems.webkursai.lt\/veikla\/"},"modified":"2026-03-21T17:51:07","modified_gmt":"2026-03-21T17:51:07","slug":"activity","status":"publish","type":"page","link":"https:\/\/prosystems.webkursai.lt\/en\/activity\/","title":{"rendered":"Activity"},"content":{"rendered":"<div class=\"wpb-content-wrapper\"><p>[vc_row gap=&#8221;20&#8243; equal_height=&#8221;yes&#8221; content_placement=&#8221;middle&#8221; woodmart_css_id=&#8221;699afc7a3fa7f&#8221; responsive_spacing=&#8221;eyJwYXJhbV90eXBlIjoid29vZG1hcnRfcmVzcG9uc2l2ZV9zcGFjaW5nIiwic2VsZWN0b3JfaWQiOiI2OTlhZmM3YTNmYTdmIiwic2hvcnRjb2RlIjoidmNfcm93IiwiZGF0YSI6eyJ0YWJsZXQiOnt9LCJtb2JpbGUiOnt9fX0=&#8221; mobile_bg_img_hidden=&#8221;no&#8221; tablet_bg_img_hidden=&#8221;no&#8221; woodmart_parallax=&#8221;0&#8243; woodmart_gradient_switch=&#8221;no&#8221; woodmart_box_shadow=&#8221;no&#8221; wd_z_index=&#8221;no&#8221; woodmart_disable_overflow=&#8221;0&#8243; row_reverse_mobile=&#8221;0&#8243; row_reverse_tablet=&#8221;0&#8243;][vc_column width=&#8221;1\/5&#8243; css=&#8221;.vc_custom_1771764787946{background-color: #EFF6FE !important;background-position: center !important;background-repeat: no-repeat !important;background-size: cover !important;border-radius: 35px !important;}&#8221; woodmart_css_id=&#8221;699afc208d8bd&#8221; parallax_scroll=&#8221;no&#8221; woodmart_sticky_column=&#8221;false&#8221; wd_collapsible_content_switcher=&#8221;no&#8221; wd_column_role_offcanvas_desktop=&#8221;no&#8221; wd_column_role_offcanvas_tablet=&#8221;no&#8221; wd_column_role_offcanvas_mobile=&#8221;no&#8221; wd_column_role_content_desktop=&#8221;no&#8221; wd_column_role_content_tablet=&#8221;no&#8221; wd_column_role_content_mobile=&#8221;no&#8221; mobile_bg_img_hidden=&#8221;no&#8221; tablet_bg_img_hidden=&#8221;no&#8221; woodmart_parallax=&#8221;0&#8243; woodmart_box_shadow=&#8221;no&#8221; responsive_spacing=&#8221;eyJwYXJhbV90eXBlIjoid29vZG1hcnRfcmVzcG9uc2l2ZV9zcGFjaW5nIiwic2VsZWN0b3JfaWQiOiI2OTlhZmMyMDhkOGJkIiwic2hvcnRjb2RlIjoidmNfY29sdW1uIiwiZGF0YSI6eyJ0YWJsZXQiOnt9LCJtb2JpbGUiOnt9fX0=&#8221; mobile_reset_margin=&#8221;no&#8221; tablet_reset_margin=&#8221;no&#8221; wd_z_index=&#8221;no&#8221;]\n\t\t<div id=\"wd-699b349d8ad36\" class=\"title-wrapper wd-wpb wd-set-mb reset-last-child  wd-rs-699b349d8ad36 wd-title-color-default wd-title-style-default text-left  wd-underline-colored\">\n\t\t\t\n\t\t\t<div class=\"liner-continer\">\n\t\t\t\t<h4 class=\"woodmart-title-container title  wd-font-weight- wd-fontsize-l\" >Specialization:<\/h4>\n\t\t\t\t\t\t\t<\/div>\n\t\t\t\n\t\t\t\n\t\t\t\n\t\t<\/div>\n\t\t\n\t\t\t\t<div id=\"wd-699b34ce1f2f7\" class=\"wd-text-block wd-wpb reset-last-child wd-rs-699b34ce1f2f7 text-left \">\n\t\t\t<ul>\n<li>heating, ventilation and air conditioning systems<\/li>\n<li>industrial and commercial refrigeration<\/li>\n<li>building engineering systems<\/li>\n<li>control automation<\/li>\n<\/ul>\n\t\t<\/div>\n\t\t[\/vc_column][vc_column width=&#8221;1\/5&#8243; css=&#8221;.vc_custom_1771764797139{background-color: #EFF6FE !important;background-position: center !important;background-repeat: no-repeat !important;background-size: cover !important;border-radius: 35px !important;}&#8221; woodmart_css_id=&#8221;699afc353b3c1&#8243; parallax_scroll=&#8221;no&#8221; woodmart_sticky_column=&#8221;false&#8221; wd_collapsible_content_switcher=&#8221;no&#8221; wd_column_role_offcanvas_desktop=&#8221;no&#8221; wd_column_role_offcanvas_tablet=&#8221;no&#8221; wd_column_role_offcanvas_mobile=&#8221;no&#8221; wd_column_role_content_desktop=&#8221;no&#8221; wd_column_role_content_tablet=&#8221;no&#8221; wd_column_role_content_mobile=&#8221;no&#8221; mobile_bg_img_hidden=&#8221;no&#8221; tablet_bg_img_hidden=&#8221;no&#8221; woodmart_parallax=&#8221;0&#8243; woodmart_box_shadow=&#8221;no&#8221; responsive_spacing=&#8221;eyJwYXJhbV90eXBlIjoid29vZG1hcnRfcmVzcG9uc2l2ZV9zcGFjaW5nIiwic2VsZWN0b3JfaWQiOiI2OTlhZmMzNTNiM2MxIiwic2hvcnRjb2RlIjoidmNfY29sdW1uIiwiZGF0YSI6eyJ0YWJsZXQiOnt9LCJtb2JpbGUiOnt9fX0=&#8221; mobile_reset_margin=&#8221;no&#8221; tablet_reset_margin=&#8221;no&#8221; wd_z_index=&#8221;no&#8221;]\n\t\t<div id=\"wd-699b34dceb22e\" class=\"title-wrapper wd-wpb wd-set-mb reset-last-child  wd-rs-699b34dceb22e wd-title-color-default wd-title-style-default text-left  wd-underline-colored\">\n\t\t\t\n\t\t\t<div class=\"liner-continer\">\n\t\t\t\t<h4 class=\"woodmart-title-container title  wd-font-weight- wd-fontsize-l\" >Fields of activity:<\/h4>\n\t\t\t\t\t\t\t<\/div>\n\t\t\t\n\t\t\t\n\t\t\t\n\t\t<\/div>\n\t\t\n\t\t\t\t<div id=\"wd-699b34e6dd592\" class=\"wd-text-block wd-wpb reset-last-child wd-rs-699b34e6dd592 text-left \">\n\t\t\t<ul>\n<li>design works<\/li>\n<li>project supervision<\/li>\n<li>engineering audit<\/li>\n<li>system supply, installation and service<\/li>\n<li>system modernization<\/li>\n<\/ul>\n\t\t<\/div>\n\t\t[\/vc_column][vc_column width=&#8221;3\/5&#8243; css=&#8221;.vc_custom_1771764811201{border-top-width: 1px !important;border-right-width: 1px !important;border-bottom-width: 1px !important;border-left-width: 1px !important;border-left-style: solid !important;border-right-style: solid !important;border-top-style: solid !important;border-bottom-style: solid !important;border-radius: 35px !important;border-color: #000000 !important;}&#8221; woodmart_css_id=&#8221;699afc3e240b7&#8243; parallax_scroll=&#8221;no&#8221; woodmart_sticky_column=&#8221;false&#8221; wd_collapsible_content_switcher=&#8221;no&#8221; wd_column_role_offcanvas_desktop=&#8221;no&#8221; wd_column_role_offcanvas_tablet=&#8221;no&#8221; wd_column_role_offcanvas_mobile=&#8221;no&#8221; wd_column_role_content_desktop=&#8221;no&#8221; wd_column_role_content_tablet=&#8221;no&#8221; wd_column_role_content_mobile=&#8221;no&#8221; mobile_bg_img_hidden=&#8221;no&#8221; tablet_bg_img_hidden=&#8221;no&#8221; woodmart_parallax=&#8221;0&#8243; woodmart_box_shadow=&#8221;no&#8221; responsive_spacing=&#8221;eyJwYXJhbV90eXBlIjoid29vZG1hcnRfcmVzcG9uc2l2ZV9zcGFjaW5nIiwic2VsZWN0b3JfaWQiOiI2OTlhZmMzZTI0MGI3Iiwic2hvcnRjb2RlIjoidmNfY29sdW1uIiwiZGF0YSI6eyJ0YWJsZXQiOnt9LCJtb2JpbGUiOnt9fX0=&#8221; mobile_reset_margin=&#8221;no&#8221; tablet_reset_margin=&#8221;no&#8221; wd_z_index=&#8221;no&#8221;]\t\t<div id=\"wd-699b34f5e708d\" class=\"wd-text-block wd-wpb reset-last-child wd-rs-699b34f5e708d text-left \">\n\t\t\t<p data-start=\"0\" data-end=\"307\">We help you make a well-reasoned choice of the most suitable, innovative, and environmentally friendly technical solution, taking into account your expectations: starting with investment costs, payback, and design solutions, and ending with project implementation, installation supervision, and contracting.<\/p>\n<p data-start=\"309\" data-end=\"709\" data-is-last-node=\"\" data-is-only-node=\"\">We always strive to create added value \u2014 helping to optimize engineering systems and ensure their reliability. We pay special attention to the payback of investment and operating costs, as well as environmental requirements. We understand this as one of the key measures to increase the efficiency of engineering systems, and at the same time profitability in industry and savings in private housing.<\/p>\n\t\t<\/div>\n\t\t[\/vc_column][\/vc_row][vc_row css=&#8221;.vc_custom_1771765112180{margin-top: 30px !important;}&#8221; woodmart_css_id=&#8221;699afd6f3f059&#8243; responsive_spacing=&#8221;eyJwYXJhbV90eXBlIjoid29vZG1hcnRfcmVzcG9uc2l2ZV9zcGFjaW5nIiwic2VsZWN0b3JfaWQiOiI2OTlhZmQ2ZjNmMDU5Iiwic2hvcnRjb2RlIjoidmNfcm93IiwiZGF0YSI6eyJ0YWJsZXQiOnt9LCJtb2JpbGUiOnt9fX0=&#8221; mobile_bg_img_hidden=&#8221;no&#8221; tablet_bg_img_hidden=&#8221;no&#8221; woodmart_parallax=&#8221;0&#8243; woodmart_gradient_switch=&#8221;no&#8221; woodmart_box_shadow=&#8221;no&#8221; wd_z_index=&#8221;no&#8221; woodmart_disable_overflow=&#8221;0&#8243; row_reverse_mobile=&#8221;0&#8243; row_reverse_tablet=&#8221;0&#8243;][vc_column width=&#8221;1\/3&#8243; css=&#8221;.vc_custom_1765231052187{margin-bottom: 30px !important;}&#8221; woodmart_css_id=&#8221;693749c8e9814&#8243; parallax_scroll=&#8221;no&#8221; woodmart_sticky_column=&#8221;false&#8221; wd_collapsible_content_switcher=&#8221;no&#8221; wd_column_role_offcanvas_desktop=&#8221;no&#8221; wd_column_role_offcanvas_tablet=&#8221;no&#8221; wd_column_role_offcanvas_mobile=&#8221;no&#8221; wd_column_role_content_desktop=&#8221;no&#8221; wd_column_role_content_tablet=&#8221;no&#8221; wd_column_role_content_mobile=&#8221;no&#8221; mobile_bg_img_hidden=&#8221;no&#8221; tablet_bg_img_hidden=&#8221;no&#8221; woodmart_parallax=&#8221;0&#8243; woodmart_box_shadow=&#8221;no&#8221; responsive_spacing=&#8221;eyJwYXJhbV90eXBlIjoid29vZG1hcnRfcmVzcG9uc2l2ZV9zcGFjaW5nIiwic2VsZWN0b3JfaWQiOiI2OTM3NDljOGU5ODE0Iiwic2hvcnRjb2RlIjoidmNfY29sdW1uIiwiZGF0YSI6eyJ0YWJsZXQiOnt9LCJtb2JpbGUiOnt9fX0=&#8221; mobile_reset_margin=&#8221;no&#8221; tablet_reset_margin=&#8221;no&#8221; wd_z_index=&#8221;no&#8221;]\t\t<div class=\"promo-banner-wrapper  wd-rs-699b3835c6d08 \">\n\t\t\t<div id=\"wd-699b3835c6d08\" class=\"promo-banner  banner-mask banner-hover-zoom color-scheme-light banner-btn-size-default banner-btn-style-bordered  with-btn banner-btn-position-static wd-with-link wd-underline-colored\">\n\t\t\t\t<div class=\"main-wrapp-img\">\n\t\t\t\t\t<div class=\"banner-image wd-bg-position-center\" >\n\t\t\t\t\t\t<img loading=\"lazy\" decoding=\"async\" width=\"2121\" height=\"1414\" src=\"https:\/\/prosystems.webkursai.lt\/wp-content\/uploads\/2026\/02\/iyeM1PYDSMUCkfGx-C8Tm6cOwOJNdo3xlkKcF4aSnm3zR-k4_UOiBMn8IEsiveVp2IMzTSioJvYsWaNUjRxUTXpXQqhx-5cvQuJXNUFq1fY.jpg\" class=\"attachment-full size-full\" alt=\"\" \/>\t\t\t\t\t<\/div>\n\t\t\t\t<\/div>\n\n\t\t\t\t<div class=\"wrapper-content-banner wd-fill  wd-items-bottom wd-justify-left\">\n\t\t\t\t\t<div class=\"content-banner  text-left\">\n\t\t\t\t\t\t<h4 class=\"banner-title wd-font-weight- wd-fontsize-l\">HVAC (heating, ventilation, and air conditioning)<\/h4>\t\t\t\t\t\t\n\t\t\t\t\t\t\n\t\t\t\t\t\t<div class=\"banner-btn-wrapper\"><div id=\"wd-69e8e2a0a754f\" class=\"  wd-button-wrapper text-left\"><a href=\"https:\/\/prosystems.webkursai.lt\/en\/activity\/hvac\/\" title=\"\" class=\"btn btn-color-white btn-style-bordered btn-shape-round btn-size-default\">View more<\/a><\/div><\/div>\t\t\t\t\t<\/div>\n\t\t\t\t<\/div>\n\n\t\t\t\t\t\t\t\t\t<a class=\"wd-promo-banner-link wd-fill\" aria-label=\"Banner link\" href=\"https:\/\/prosystems.webkursai.lt\/en\/activity\/hvac\/\" title=\"\"><\/a>\n\t\t\t\t\n\t\t\t\t\t\t\t<\/div>\n\t\t<\/div>\n\n\t\t[\/vc_column][vc_column width=&#8221;1\/3&#8243; css=&#8221;.vc_custom_1765231056819{margin-bottom: 30px !important;}&#8221; woodmart_css_id=&#8221;693749cd2cd8c&#8221; parallax_scroll=&#8221;no&#8221; woodmart_sticky_column=&#8221;false&#8221; wd_collapsible_content_switcher=&#8221;no&#8221; wd_column_role_offcanvas_desktop=&#8221;no&#8221; wd_column_role_offcanvas_tablet=&#8221;no&#8221; wd_column_role_offcanvas_mobile=&#8221;no&#8221; wd_column_role_content_desktop=&#8221;no&#8221; wd_column_role_content_tablet=&#8221;no&#8221; wd_column_role_content_mobile=&#8221;no&#8221; mobile_bg_img_hidden=&#8221;no&#8221; tablet_bg_img_hidden=&#8221;no&#8221; woodmart_parallax=&#8221;0&#8243; woodmart_box_shadow=&#8221;no&#8221; responsive_spacing=&#8221;eyJwYXJhbV90eXBlIjoid29vZG1hcnRfcmVzcG9uc2l2ZV9zcGFjaW5nIiwic2VsZWN0b3JfaWQiOiI2OTM3NDljZDJjZDhjIiwic2hvcnRjb2RlIjoidmNfY29sdW1uIiwiZGF0YSI6eyJ0YWJsZXQiOnt9LCJtb2JpbGUiOnt9fX0=&#8221; mobile_reset_margin=&#8221;no&#8221; tablet_reset_margin=&#8221;no&#8221; wd_z_index=&#8221;no&#8221;]\t\t<div class=\"promo-banner-wrapper  wd-rs-69beda7e5cad8 \">\n\t\t\t<div id=\"wd-69beda7e5cad8\" class=\"promo-banner  banner-mask banner-hover-zoom color-scheme-light banner-btn-size-default banner-btn-style-bordered  with-btn banner-btn-position-static wd-with-link wd-underline-colored\">\n\t\t\t\t<div class=\"main-wrapp-img\">\n\t\t\t\t\t<div class=\"banner-image wd-bg-position-center\" >\n\t\t\t\t\t\t<img loading=\"lazy\" decoding=\"async\" width=\"780\" height=\"460\" src=\"https:\/\/prosystems.webkursai.lt\/wp-content\/uploads\/2026\/03\/IR_commercialproductfamily_productcardimage_smc-unit-1.jpg\" class=\"attachment-full size-full\" alt=\"\" \/>\t\t\t\t\t<\/div>\n\t\t\t\t<\/div>\n\n\t\t\t\t<div class=\"wrapper-content-banner wd-fill  wd-items-bottom wd-justify-left\">\n\t\t\t\t\t<div class=\"content-banner  text-left\">\n\t\t\t\t\t\t<h4 class=\"banner-title wd-font-weight- wd-fontsize-l\">Refrigeration<\/h4>\t\t\t\t\t\t\n\t\t\t\t\t\t\n\t\t\t\t\t\t<div class=\"banner-btn-wrapper\"><div id=\"wd-69e8e2a0a786e\" class=\"  wd-button-wrapper text-left\"><a href=\"https:\/\/prosystems.webkursai.lt\/en\/activity\/refrigeration\/\" title=\"\" class=\"btn btn-color-white btn-style-bordered btn-shape-round btn-size-default\">View more<\/a><\/div><\/div>\t\t\t\t\t<\/div>\n\t\t\t\t<\/div>\n\n\t\t\t\t\t\t\t\t\t<a class=\"wd-promo-banner-link wd-fill\" aria-label=\"Banner link\" href=\"https:\/\/prosystems.webkursai.lt\/en\/activity\/refrigeration\/\" title=\"\"><\/a>\n\t\t\t\t\n\t\t\t\t\t\t\t<\/div>\n\t\t<\/div>\n\n\t\t[\/vc_column][vc_column width=&#8221;1\/3&#8243; css=&#8221;.vc_custom_1765231060405{margin-bottom: 30px !important;}&#8221; woodmart_css_id=&#8221;693749d1e0b93&#8243; parallax_scroll=&#8221;no&#8221; woodmart_sticky_column=&#8221;false&#8221; wd_collapsible_content_switcher=&#8221;no&#8221; wd_column_role_offcanvas_desktop=&#8221;no&#8221; wd_column_role_offcanvas_tablet=&#8221;no&#8221; wd_column_role_offcanvas_mobile=&#8221;no&#8221; wd_column_role_content_desktop=&#8221;no&#8221; wd_column_role_content_tablet=&#8221;no&#8221; wd_column_role_content_mobile=&#8221;no&#8221; mobile_bg_img_hidden=&#8221;no&#8221; tablet_bg_img_hidden=&#8221;no&#8221; woodmart_parallax=&#8221;0&#8243; woodmart_box_shadow=&#8221;no&#8221; responsive_spacing=&#8221;eyJwYXJhbV90eXBlIjoid29vZG1hcnRfcmVzcG9uc2l2ZV9zcGFjaW5nIiwic2VsZWN0b3JfaWQiOiI2OTM3NDlkMWUwYjkzIiwic2hvcnRjb2RlIjoidmNfY29sdW1uIiwiZGF0YSI6eyJ0YWJsZXQiOnt9LCJtb2JpbGUiOnt9fX0=&#8221; mobile_reset_margin=&#8221;no&#8221; tablet_reset_margin=&#8221;no&#8221; wd_z_index=&#8221;no&#8221;]\t\t<div class=\"promo-banner-wrapper  wd-rs-69a15fcbb8b1f \">\n\t\t\t<div id=\"wd-69a15fcbb8b1f\" class=\"promo-banner  banner-mask banner-hover-zoom color-scheme-light banner-btn-size-default banner-btn-style-bordered  with-btn banner-btn-position-static wd-with-link wd-underline-colored\">\n\t\t\t\t<div class=\"main-wrapp-img\">\n\t\t\t\t\t<div class=\"banner-image wd-bg-position-center\" >\n\t\t\t\t\t\t<img loading=\"lazy\" decoding=\"async\" width=\"600\" height=\"450\" src=\"https:\/\/prosystems.webkursai.lt\/wp-content\/uploads\/2026\/02\/ductworks-1.jpg\" class=\"attachment-full size-full\" alt=\"\" \/>\t\t\t\t\t<\/div>\n\t\t\t\t<\/div>\n\n\t\t\t\t<div class=\"wrapper-content-banner wd-fill  wd-items-bottom wd-justify-left\">\n\t\t\t\t\t<div class=\"content-banner  text-left\">\n\t\t\t\t\t\t<h4 class=\"banner-title wd-font-weight- wd-fontsize-l\">Engineering systems<\/h4>\t\t\t\t\t\t\n\t\t\t\t\t\t\n\t\t\t\t\t\t<div class=\"banner-btn-wrapper\"><div id=\"wd-69e8e2a0a7ad0\" class=\"  wd-button-wrapper text-left\"><a href=\"https:\/\/prosystems.webkursai.lt\/en\/activity\/engineering-systems\/\" title=\"\" class=\"btn btn-color-white btn-style-bordered btn-shape-round btn-size-default\">View more<\/a><\/div><\/div>\t\t\t\t\t<\/div>\n\t\t\t\t<\/div>\n\n\t\t\t\t\t\t\t\t\t<a class=\"wd-promo-banner-link wd-fill\" aria-label=\"Banner link\" href=\"https:\/\/prosystems.webkursai.lt\/en\/activity\/engineering-systems\/\" title=\"\"><\/a>\n\t\t\t\t\n\t\t\t\t\t\t\t<\/div>\n\t\t<\/div>\n\n\t\t[\/vc_column][\/vc_row]<\/p>\n<\/div>","protected":false},"excerpt":{"rendered":"<p>[vc_row gap=&#8221;20&#8243; equal_height=&#8221;yes&#8221; content_placement=&#8221;middle&#8221; woodmart_css_id=&#8221;699afc7a3fa7f&#8221; responsive_spacing=&#8221;eyJwYXJhbV90eXBlIjoid29vZG1hcnRfcmVzcG9uc2l2ZV9zcGFjaW5nIiwic2VsZWN0b3JfaWQiOiI2OTlhZmM3YTNmYTdmIiwic2hvcnRjb2RlIjoidmNfcm93IiwiZGF0YSI6eyJ0YWJsZXQiOnt9LCJtb2JpbGUiOnt9fX0=&#8221; mobile_bg_img_hidden=&#8221;no&#8221; tablet_bg_img_hidden=&#8221;no&#8221; woodmart_parallax=&#8221;0&#8243; woodmart_gradient_switch=&#8221;no&#8221; woodmart_box_shadow=&#8221;no&#8221; wd_z_index=&#8221;no&#8221; woodmart_disable_overflow=&#8221;0&#8243; row_reverse_mobile=&#8221;0&#8243; row_reverse_tablet=&#8221;0&#8243;][vc_column width=&#8221;1\/5&#8243; css=&#8221;.vc_custom_1771764787946{background-color: #EFF6FE !important;background-position: center<\/p>\n","protected":false},"author":1,"featured_media":0,"parent":0,"menu_order":0,"comment_status":"closed","ping_status":"closed","template":"","meta":{"_monsterinsights_skip_tracking":false,"_monsterinsights_sitenote_active":false,"_monsterinsights_sitenote_note":"","_monsterinsights_sitenote_category":0,"footnotes":""},"class_list":["post-455","page","type-page","status-publish","hentry"],"yoast_head":"<!-- This site is optimized with the Yoast SEO plugin v27.2 - https:\/\/yoast.com\/product\/yoast-seo-wordpress\/ -->\n<title>Activity - prosystems.lt<\/title>\n<meta name=\"robots\" content=\"index, follow, max-snippet:-1, max-image-preview:large, max-video-preview:-1\" \/>\n<link rel=\"canonical\" href=\"https:\/\/prosystems.webkursai.lt\/en\/activity\/\" \/>\n<meta property=\"og:locale\" content=\"en_US\" \/>\n<meta property=\"og:type\" content=\"article\" \/>\n<meta property=\"og:title\" content=\"Activity - prosystems.lt\" \/>\n<meta property=\"og:url\" content=\"https:\/\/prosystems.webkursai.lt\/en\/activity\/\" \/>\n<meta property=\"og:site_name\" content=\"prosystems.lt\" \/>\n<meta property=\"article:modified_time\" content=\"2026-03-21T17:51:07+00:00\" \/>\n<meta name=\"twitter:card\" content=\"summary_large_image\" \/>\n<meta name=\"twitter:label1\" content=\"Est. reading time\" \/>\n\t<meta name=\"twitter:data1\" content=\"4 minutes\" \/>\n<script type=\"application\/ld+json\" class=\"yoast-schema-graph\">{\"@context\":\"https:\/\/schema.org\",\"@graph\":[{\"@type\":\"WebPage\",\"@id\":\"https:\/\/prosystems.webkursai.lt\/en\/activity\/\",\"url\":\"https:\/\/prosystems.webkursai.lt\/en\/activity\/\",\"name\":\"Activity - prosystems.lt\",\"isPartOf\":{\"@id\":\"https:\/\/prosystems.webkursai.lt\/en\/#website\"},\"datePublished\":\"2025-12-08T14:54:57+00:00\",\"dateModified\":\"2026-03-21T17:51:07+00:00\",\"breadcrumb\":{\"@id\":\"https:\/\/prosystems.webkursai.lt\/en\/activity\/#breadcrumb\"},\"inLanguage\":\"en-US\",\"potentialAction\":[{\"@type\":\"ReadAction\",\"target\":[\"https:\/\/prosystems.webkursai.lt\/en\/activity\/\"]}]},{\"@type\":\"BreadcrumbList\",\"@id\":\"https:\/\/prosystems.webkursai.lt\/en\/activity\/#breadcrumb\",\"itemListElement\":[{\"@type\":\"ListItem\",\"position\":1,\"name\":\"Home\",\"item\":\"https:\/\/prosystems.webkursai.lt\/en\/\"},{\"@type\":\"ListItem\",\"position\":2,\"name\":\"Activity\"}]},{\"@type\":\"WebSite\",\"@id\":\"https:\/\/prosystems.webkursai.lt\/en\/#website\",\"url\":\"https:\/\/prosystems.webkursai.lt\/en\/\",\"name\":\"Greziniai365.lt\",\"description\":\"in\u017einerin\u0117 \u012fmon\u0117\",\"publisher\":{\"@id\":\"https:\/\/prosystems.webkursai.lt\/en\/#organization\"},\"potentialAction\":[{\"@type\":\"SearchAction\",\"target\":{\"@type\":\"EntryPoint\",\"urlTemplate\":\"https:\/\/prosystems.webkursai.lt\/en\/?s={search_term_string}\"},\"query-input\":{\"@type\":\"PropertyValueSpecification\",\"valueRequired\":true,\"valueName\":\"search_term_string\"}}],\"inLanguage\":\"en-US\"},{\"@type\":\"Organization\",\"@id\":\"https:\/\/prosystems.webkursai.lt\/en\/#organization\",\"name\":\"Greziniai365.lt\",\"url\":\"https:\/\/prosystems.webkursai.lt\/en\/\",\"logo\":{\"@type\":\"ImageObject\",\"inLanguage\":\"en-US\",\"@id\":\"https:\/\/prosystems.webkursai.lt\/en\/#\/schema\/logo\/image\/\",\"url\":\"http:\/\/prosystems.webkursai.lt\/wp-content\/uploads\/2025\/12\/greziniai.png\",\"contentUrl\":\"http:\/\/prosystems.webkursai.lt\/wp-content\/uploads\/2025\/12\/greziniai.png\",\"width\":936,\"height\":430,\"caption\":\"Greziniai365.lt\"},\"image\":{\"@id\":\"https:\/\/prosystems.webkursai.lt\/en\/#\/schema\/logo\/image\/\"}}]}<\/script>\n<!-- \/ Yoast SEO plugin. -->","yoast_head_json":{"title":"Activity - prosystems.lt","robots":{"index":"index","follow":"follow","max-snippet":"max-snippet:-1","max-image-preview":"max-image-preview:large","max-video-preview":"max-video-preview:-1"},"canonical":"https:\/\/prosystems.webkursai.lt\/en\/activity\/","og_locale":"en_US","og_type":"article","og_title":"Activity - prosystems.lt","og_url":"https:\/\/prosystems.webkursai.lt\/en\/activity\/","og_site_name":"prosystems.lt","article_modified_time":"2026-03-21T17:51:07+00:00","twitter_card":"summary_large_image","twitter_misc":{"Est. reading time":"4 minutes"},"schema":{"@context":"https:\/\/schema.org","@graph":[{"@type":"WebPage","@id":"https:\/\/prosystems.webkursai.lt\/en\/activity\/","url":"https:\/\/prosystems.webkursai.lt\/en\/activity\/","name":"Activity - prosystems.lt","isPartOf":{"@id":"https:\/\/prosystems.webkursai.lt\/en\/#website"},"datePublished":"2025-12-08T14:54:57+00:00","dateModified":"2026-03-21T17:51:07+00:00","breadcrumb":{"@id":"https:\/\/prosystems.webkursai.lt\/en\/activity\/#breadcrumb"},"inLanguage":"en-US","potentialAction":[{"@type":"ReadAction","target":["https:\/\/prosystems.webkursai.lt\/en\/activity\/"]}]},{"@type":"BreadcrumbList","@id":"https:\/\/prosystems.webkursai.lt\/en\/activity\/#breadcrumb","itemListElement":[{"@type":"ListItem","position":1,"name":"Home","item":"https:\/\/prosystems.webkursai.lt\/en\/"},{"@type":"ListItem","position":2,"name":"Activity"}]},{"@type":"WebSite","@id":"https:\/\/prosystems.webkursai.lt\/en\/#website","url":"https:\/\/prosystems.webkursai.lt\/en\/","name":"Greziniai365.lt","description":"in\u017einerin\u0117 \u012fmon\u0117","publisher":{"@id":"https:\/\/prosystems.webkursai.lt\/en\/#organization"},"potentialAction":[{"@type":"SearchAction","target":{"@type":"EntryPoint","urlTemplate":"https:\/\/prosystems.webkursai.lt\/en\/?s={search_term_string}"},"query-input":{"@type":"PropertyValueSpecification","valueRequired":true,"valueName":"search_term_string"}}],"inLanguage":"en-US"},{"@type":"Organization","@id":"https:\/\/prosystems.webkursai.lt\/en\/#organization","name":"Greziniai365.lt","url":"https:\/\/prosystems.webkursai.lt\/en\/","logo":{"@type":"ImageObject","inLanguage":"en-US","@id":"https:\/\/prosystems.webkursai.lt\/en\/#\/schema\/logo\/image\/","url":"http:\/\/prosystems.webkursai.lt\/wp-content\/uploads\/2025\/12\/greziniai.png","contentUrl":"http:\/\/prosystems.webkursai.lt\/wp-content\/uploads\/2025\/12\/greziniai.png","width":936,"height":430,"caption":"Greziniai365.lt"},"image":{"@id":"https:\/\/prosystems.webkursai.lt\/en\/#\/schema\/logo\/image\/"}}]}},"_links":{"self":[{"href":"https:\/\/prosystems.webkursai.lt\/en\/wp-json\/wp\/v2\/pages\/455","targetHints":{"allow":["GET"]}}],"collection":[{"href":"https:\/\/prosystems.webkursai.lt\/en\/wp-json\/wp\/v2\/pages"}],"about":[{"href":"https:\/\/prosystems.webkursai.lt\/en\/wp-json\/wp\/v2\/types\/page"}],"author":[{"embeddable":true,"href":"https:\/\/prosystems.webkursai.lt\/en\/wp-json\/wp\/v2\/users\/1"}],"replies":[{"embeddable":true,"href":"https:\/\/prosystems.webkursai.lt\/en\/wp-json\/wp\/v2\/comments?post=455"}],"version-history":[{"count":6,"href":"https:\/\/prosystems.webkursai.lt\/en\/wp-json\/wp\/v2\/pages\/455\/revisions"}],"predecessor-version":[{"id":541,"href":"https:\/\/prosystems.webkursai.lt\/en\/wp-json\/wp\/v2\/pages\/455\/revisions\/541"}],"wp:attachment":[{"href":"https:\/\/prosystems.webkursai.lt\/en\/wp-json\/wp\/v2\/media?parent=455"}],"curies":[{"name":"wp","href":"https:\/\/api.w.org\/{rel}","templated":true}]}}