{"id":457,"date":"2026-02-22T06:50:37","date_gmt":"2026-02-22T06:50:37","guid":{"rendered":"https:\/\/prosystems.webkursai.lt\/veikla\/saldymas\/"},"modified":"2026-03-21T17:49:38","modified_gmt":"2026-03-21T17:49:38","slug":"refrigeration","status":"publish","type":"page","link":"https:\/\/prosystems.webkursai.lt\/en\/activity\/refrigeration\/","title":{"rendered":"Refrigeration"},"content":{"rendered":"<div class=\"wpb-content-wrapper\"><p>[vc_row gap=&#8221;35&#8243; equal_height=&#8221;yes&#8221; content_placement=&#8221;middle&#8221; css=&#8221;.vc_custom_1771766517466{border-color: #000000 !important;}&#8221; woodmart_css_id=&#8221;699b02f04393e&#8221; responsive_spacing=&#8221;eyJwYXJhbV90eXBlIjoid29vZG1hcnRfcmVzcG9uc2l2ZV9zcGFjaW5nIiwic2VsZWN0b3JfaWQiOiI2OTliMDJmMDQzOTNlIiwic2hvcnRjb2RlIjoidmNfcm93IiwiZGF0YSI6eyJ0YWJsZXQiOnt9LCJtb2JpbGUiOnt9fX0=&#8221; mobile_bg_img_hidden=&#8221;no&#8221; tablet_bg_img_hidden=&#8221;no&#8221; woodmart_parallax=&#8221;0&#8243; woodmart_gradient_switch=&#8221;no&#8221; woodmart_box_shadow=&#8221;no&#8221; wd_z_index=&#8221;no&#8221; woodmart_disable_overflow=&#8221;0&#8243; row_reverse_mobile=&#8221;0&#8243; row_reverse_tablet=&#8221;0&#8243;][vc_column width=&#8221;1\/2&#8243; css=&#8221;.vc_custom_1771766537591{margin-top: 0px !important;margin-bottom: 0px !important;padding-top: 0px !important;padding-bottom: 0px !important;}&#8221; woodmart_css_id=&#8221;699b0304c9b44&#8243; parallax_scroll=&#8221;no&#8221; woodmart_sticky_column=&#8221;false&#8221; wd_collapsible_content_switcher=&#8221;no&#8221; wd_column_role_offcanvas_desktop=&#8221;no&#8221; wd_column_role_offcanvas_tablet=&#8221;no&#8221; wd_column_role_offcanvas_mobile=&#8221;no&#8221; wd_column_role_content_desktop=&#8221;no&#8221; wd_column_role_content_tablet=&#8221;no&#8221; wd_column_role_content_mobile=&#8221;no&#8221; mobile_bg_img_hidden=&#8221;no&#8221; tablet_bg_img_hidden=&#8221;no&#8221; woodmart_parallax=&#8221;0&#8243; woodmart_box_shadow=&#8221;no&#8221; responsive_spacing=&#8221;eyJwYXJhbV90eXBlIjoid29vZG1hcnRfcmVzcG9uc2l2ZV9zcGFjaW5nIiwic2VsZWN0b3JfaWQiOiI2OTliMDMwNGM5YjQ0Iiwic2hvcnRjb2RlIjoidmNfY29sdW1uIiwiZGF0YSI6eyJ0YWJsZXQiOnt9LCJtb2JpbGUiOnt9fX0=&#8221; mobile_reset_margin=&#8221;no&#8221; tablet_reset_margin=&#8221;no&#8221; wd_z_index=&#8221;no&#8221;]\t\t<div id=\"wd-69bed990c36e8\" class=\"wd-image wd-wpb wd-rs-69bed990c36e8 text-left vc_custom_1774115225393\">\n\t\t\t\n\t\t\t<img loading=\"lazy\" decoding=\"async\" width=\"780\" height=\"460\" src=\"https:\/\/prosystems.webkursai.lt\/wp-content\/uploads\/2026\/03\/IR_commercialproductfamily_productcardimage_smc-unit-1.jpg\" class=\"attachment-full size-full\" alt=\"\" srcset=\"https:\/\/prosystems.webkursai.lt\/wp-content\/uploads\/2026\/03\/IR_commercialproductfamily_productcardimage_smc-unit-1.jpg 780w, https:\/\/prosystems.webkursai.lt\/wp-content\/uploads\/2026\/03\/IR_commercialproductfamily_productcardimage_smc-unit-1-300x177.jpg 300w, https:\/\/prosystems.webkursai.lt\/wp-content\/uploads\/2026\/03\/IR_commercialproductfamily_productcardimage_smc-unit-1-768x453.jpg 768w, https:\/\/prosystems.webkursai.lt\/wp-content\/uploads\/2026\/03\/IR_commercialproductfamily_productcardimage_smc-unit-1-200x118.jpg 200w\" sizes=\"auto, (max-width: 780px) 100vw, 780px\" \/>\n\t\t\t\t\t<\/div>\n\t\t[vc_empty_space height=&#8221;15px&#8221; woodmart_hide_large=&#8221;0&#8243; woodmart_hide_medium=&#8221;0&#8243; woodmart_hide_small=&#8221;0&#8243;]\t\t<div id=\"wd-699b03aeb3402\" class=\"wd-image wd-wpb wd-rs-699b03aeb3402 hidden-xs text-left vc_custom_1771766746246\">\n\t\t\t\n\t\t\t<img loading=\"lazy\" decoding=\"async\" width=\"1600\" height=\"1067\" src=\"https:\/\/prosystems.webkursai.lt\/wp-content\/uploads\/2026\/02\/air-handling-units-explained-1.jpg\" class=\"attachment-full size-full\" alt=\"\" srcset=\"https:\/\/prosystems.webkursai.lt\/wp-content\/uploads\/2026\/02\/air-handling-units-explained-1.jpg 1600w, https:\/\/prosystems.webkursai.lt\/wp-content\/uploads\/2026\/02\/air-handling-units-explained-1-300x200.jpg 300w, https:\/\/prosystems.webkursai.lt\/wp-content\/uploads\/2026\/02\/air-handling-units-explained-1-1024x683.jpg 1024w, https:\/\/prosystems.webkursai.lt\/wp-content\/uploads\/2026\/02\/air-handling-units-explained-1-768x512.jpg 768w, https:\/\/prosystems.webkursai.lt\/wp-content\/uploads\/2026\/02\/air-handling-units-explained-1-1536x1024.jpg 1536w\" sizes=\"auto, (max-width: 1600px) 100vw, 1600px\" \/>\n\t\t\t\t\t<\/div>\n\t\t[\/vc_column][vc_column width=&#8221;1\/2&#8243; css=&#8221;.vc_custom_1771766620813{border-top-width: 1px !important;border-right-width: 1px !important;border-bottom-width: 1px !important;border-left-width: 1px !important;padding-top: 50px !important;padding-right: 50px !important;padding-left: 50px !important;border-left-style: solid !important;border-right-style: solid !important;border-top-style: solid !important;border-bottom-style: solid !important;border-radius: 35px !important;border-color: #000000 !important;}&#8221; woodmart_css_id=&#8221;699b03556a28a&#8221; parallax_scroll=&#8221;no&#8221; woodmart_sticky_column=&#8221;false&#8221; wd_collapsible_content_switcher=&#8221;no&#8221; wd_column_role_offcanvas_desktop=&#8221;no&#8221; wd_column_role_offcanvas_tablet=&#8221;no&#8221; wd_column_role_offcanvas_mobile=&#8221;no&#8221; wd_column_role_content_desktop=&#8221;no&#8221; wd_column_role_content_tablet=&#8221;no&#8221; wd_column_role_content_mobile=&#8221;no&#8221; mobile_bg_img_hidden=&#8221;no&#8221; tablet_bg_img_hidden=&#8221;no&#8221; woodmart_parallax=&#8221;0&#8243; woodmart_box_shadow=&#8221;no&#8221; responsive_spacing=&#8221;eyJwYXJhbV90eXBlIjoid29vZG1hcnRfcmVzcG9uc2l2ZV9zcGFjaW5nIiwic2VsZWN0b3JfaWQiOiI2OTliMDM1NTZhMjhhIiwic2hvcnRjb2RlIjoidmNfY29sdW1uIiwiZGF0YSI6eyJ0YWJsZXQiOnt9LCJtb2JpbGUiOnsibWFyZ2luLXRvcCI6IjEwcHgifX19&#8243; mobile_reset_margin=&#8221;no&#8221; tablet_reset_margin=&#8221;no&#8221; wd_z_index=&#8221;no&#8221;]\n\t\t<div id=\"wd-699b359d0175e\" class=\"title-wrapper wd-wpb wd-set-mb reset-last-child  wd-rs-699b359d0175e wd-title-color-default wd-title-style-default text-left  wd-underline-colored\">\n\t\t\t\n\t\t\t<div class=\"liner-continer\">\n\t\t\t\t<h4 class=\"woodmart-title-container title  wd-font-weight- wd-fontsize-l\" >Refrigeration<\/h4>\n\t\t\t\t\t\t\t<\/div>\n\t\t\t\n\t\t\t\n\t\t\t\n\t\t<\/div>\n\t\t\n\t\t\t\t<div id=\"wd-699b35a192f02\" class=\"wd-text-block wd-wpb reset-last-child wd-rs-699b35a192f02 text-left \">\n\t\t\t<p>We cannot imagine our lives without a household refrigerator\u2026 just as the operations of companies in the food, agriculture, pharmaceutical, chemical, logistics, and other industrial sectors are impossible without refrigeration. However, refrigeration also consumes electricity, which in industrial cooling systems becomes one of the key factors influencing the price of goods or services and the company\u2019s profitability. We strive to ensure that our technical solutions are economical \u2014 not only in terms of investment, but also in terms of payback. With rising energy resource prices, this is becoming especially relevant.<\/p>\n<p><strong>Commercial refrigeration:<\/strong> for shopping centers, medium-sized and retail food stores, agricultural companies, and farmers. Here we design and offer units and systems operating both on refrigerants and natural refrigerants, such as ammonia and carbon dioxide \u2014 naturally occurring gases that can replace freon.<\/p>\n<p><strong>Air conditioning:<\/strong> microclimate solutions for offices, public-use and industrial premises, as well as ice arena cooling. We offer comprehensive solutions that can operate with both direct expansion refrigeration systems and environmentally friendly secondary refrigerants.<\/p>\n<p><strong>Industrial process cooling:<\/strong> food industry, agriculture, beverage, pharmaceutical, chemical, metal processing industries, logistics, and cold storage facilities. We design and supply reliable and energy-efficient systems that allow for maintaining a relatively small refrigerant charge, ensuring safe operation.<\/p>\n\t\t<\/div>\n\t\t[\/vc_column][\/vc_row]<\/p>\n<\/div>","protected":false},"excerpt":{"rendered":"<p>[vc_row gap=&#8221;35&#8243; equal_height=&#8221;yes&#8221; content_placement=&#8221;middle&#8221; css=&#8221;.vc_custom_1771766517466{border-color: #000000 !important;}&#8221; woodmart_css_id=&#8221;699b02f04393e&#8221; responsive_spacing=&#8221;eyJwYXJhbV90eXBlIjoid29vZG1hcnRfcmVzcG9uc2l2ZV9zcGFjaW5nIiwic2VsZWN0b3JfaWQiOiI2OTliMDJmMDQzOTNlIiwic2hvcnRjb2RlIjoidmNfcm93IiwiZGF0YSI6eyJ0YWJsZXQiOnt9LCJtb2JpbGUiOnt9fX0=&#8221; mobile_bg_img_hidden=&#8221;no&#8221; tablet_bg_img_hidden=&#8221;no&#8221; woodmart_parallax=&#8221;0&#8243; woodmart_gradient_switch=&#8221;no&#8221; woodmart_box_shadow=&#8221;no&#8221; wd_z_index=&#8221;no&#8221; woodmart_disable_overflow=&#8221;0&#8243; row_reverse_mobile=&#8221;0&#8243; row_reverse_tablet=&#8221;0&#8243;][vc_column width=&#8221;1\/2&#8243; css=&#8221;.vc_custom_1771766537591{margin-top:<\/p>\n","protected":false},"author":1,"featured_media":0,"parent":455,"menu_order":0,"comment_status":"closed","ping_status":"closed","template":"","meta":{"_monsterinsights_skip_tracking":false,"_monsterinsights_sitenote_active":false,"_monsterinsights_sitenote_note":"","_monsterinsights_sitenote_category":0,"footnotes":""},"class_list":["post-457","page","type-page","status-publish","hentry"],"yoast_head":"<!-- This site is optimized with the Yoast SEO plugin v27.2 - https:\/\/yoast.com\/product\/yoast-seo-wordpress\/ -->\n<title>Refrigeration - prosystems.lt<\/title>\n<meta name=\"robots\" content=\"index, follow, max-snippet:-1, max-image-preview:large, max-video-preview:-1\" \/>\n<link rel=\"canonical\" href=\"https:\/\/prosystems.webkursai.lt\/en\/activity\/refrigeration\/\" \/>\n<meta property=\"og:locale\" content=\"en_US\" \/>\n<meta property=\"og:type\" content=\"article\" \/>\n<meta property=\"og:title\" content=\"Refrigeration - prosystems.lt\" \/>\n<meta property=\"og:url\" content=\"https:\/\/prosystems.webkursai.lt\/en\/activity\/refrigeration\/\" \/>\n<meta property=\"og:site_name\" content=\"prosystems.lt\" \/>\n<meta property=\"article:modified_time\" content=\"2026-03-21T17:49:38+00:00\" \/>\n<meta name=\"twitter:card\" content=\"summary_large_image\" \/>\n<meta name=\"twitter:label1\" content=\"Est. reading time\" \/>\n\t<meta name=\"twitter:data1\" content=\"3 minutes\" \/>\n<script type=\"application\/ld+json\" class=\"yoast-schema-graph\">{\"@context\":\"https:\/\/schema.org\",\"@graph\":[{\"@type\":\"WebPage\",\"@id\":\"https:\/\/prosystems.webkursai.lt\/en\/activity\/refrigeration\/\",\"url\":\"https:\/\/prosystems.webkursai.lt\/en\/activity\/refrigeration\/\",\"name\":\"Refrigeration - prosystems.lt\",\"isPartOf\":{\"@id\":\"https:\/\/prosystems.webkursai.lt\/en\/#website\"},\"datePublished\":\"2026-02-22T06:50:37+00:00\",\"dateModified\":\"2026-03-21T17:49:38+00:00\",\"breadcrumb\":{\"@id\":\"https:\/\/prosystems.webkursai.lt\/en\/activity\/refrigeration\/#breadcrumb\"},\"inLanguage\":\"en-US\",\"potentialAction\":[{\"@type\":\"ReadAction\",\"target\":[\"https:\/\/prosystems.webkursai.lt\/en\/activity\/refrigeration\/\"]}]},{\"@type\":\"BreadcrumbList\",\"@id\":\"https:\/\/prosystems.webkursai.lt\/en\/activity\/refrigeration\/#breadcrumb\",\"itemListElement\":[{\"@type\":\"ListItem\",\"position\":1,\"name\":\"Home\",\"item\":\"https:\/\/prosystems.webkursai.lt\/en\/\"},{\"@type\":\"ListItem\",\"position\":2,\"name\":\"Activity\",\"item\":\"https:\/\/prosystems.webkursai.lt\/en\/activity\/\"},{\"@type\":\"ListItem\",\"position\":3,\"name\":\"Refrigeration\"}]},{\"@type\":\"WebSite\",\"@id\":\"https:\/\/prosystems.webkursai.lt\/en\/#website\",\"url\":\"https:\/\/prosystems.webkursai.lt\/en\/\",\"name\":\"Greziniai365.lt\",\"description\":\"in\u017einerin\u0117 \u012fmon\u0117\",\"publisher\":{\"@id\":\"https:\/\/prosystems.webkursai.lt\/en\/#organization\"},\"potentialAction\":[{\"@type\":\"SearchAction\",\"target\":{\"@type\":\"EntryPoint\",\"urlTemplate\":\"https:\/\/prosystems.webkursai.lt\/en\/?s={search_term_string}\"},\"query-input\":{\"@type\":\"PropertyValueSpecification\",\"valueRequired\":true,\"valueName\":\"search_term_string\"}}],\"inLanguage\":\"en-US\"},{\"@type\":\"Organization\",\"@id\":\"https:\/\/prosystems.webkursai.lt\/en\/#organization\",\"name\":\"Greziniai365.lt\",\"url\":\"https:\/\/prosystems.webkursai.lt\/en\/\",\"logo\":{\"@type\":\"ImageObject\",\"inLanguage\":\"en-US\",\"@id\":\"https:\/\/prosystems.webkursai.lt\/en\/#\/schema\/logo\/image\/\",\"url\":\"http:\/\/prosystems.webkursai.lt\/wp-content\/uploads\/2025\/12\/greziniai.png\",\"contentUrl\":\"http:\/\/prosystems.webkursai.lt\/wp-content\/uploads\/2025\/12\/greziniai.png\",\"width\":936,\"height\":430,\"caption\":\"Greziniai365.lt\"},\"image\":{\"@id\":\"https:\/\/prosystems.webkursai.lt\/en\/#\/schema\/logo\/image\/\"}}]}<\/script>\n<!-- \/ Yoast SEO plugin. -->","yoast_head_json":{"title":"Refrigeration - prosystems.lt","robots":{"index":"index","follow":"follow","max-snippet":"max-snippet:-1","max-image-preview":"max-image-preview:large","max-video-preview":"max-video-preview:-1"},"canonical":"https:\/\/prosystems.webkursai.lt\/en\/activity\/refrigeration\/","og_locale":"en_US","og_type":"article","og_title":"Refrigeration - prosystems.lt","og_url":"https:\/\/prosystems.webkursai.lt\/en\/activity\/refrigeration\/","og_site_name":"prosystems.lt","article_modified_time":"2026-03-21T17:49:38+00:00","twitter_card":"summary_large_image","twitter_misc":{"Est. reading time":"3 minutes"},"schema":{"@context":"https:\/\/schema.org","@graph":[{"@type":"WebPage","@id":"https:\/\/prosystems.webkursai.lt\/en\/activity\/refrigeration\/","url":"https:\/\/prosystems.webkursai.lt\/en\/activity\/refrigeration\/","name":"Refrigeration - prosystems.lt","isPartOf":{"@id":"https:\/\/prosystems.webkursai.lt\/en\/#website"},"datePublished":"2026-02-22T06:50:37+00:00","dateModified":"2026-03-21T17:49:38+00:00","breadcrumb":{"@id":"https:\/\/prosystems.webkursai.lt\/en\/activity\/refrigeration\/#breadcrumb"},"inLanguage":"en-US","potentialAction":[{"@type":"ReadAction","target":["https:\/\/prosystems.webkursai.lt\/en\/activity\/refrigeration\/"]}]},{"@type":"BreadcrumbList","@id":"https:\/\/prosystems.webkursai.lt\/en\/activity\/refrigeration\/#breadcrumb","itemListElement":[{"@type":"ListItem","position":1,"name":"Home","item":"https:\/\/prosystems.webkursai.lt\/en\/"},{"@type":"ListItem","position":2,"name":"Activity","item":"https:\/\/prosystems.webkursai.lt\/en\/activity\/"},{"@type":"ListItem","position":3,"name":"Refrigeration"}]},{"@type":"WebSite","@id":"https:\/\/prosystems.webkursai.lt\/en\/#website","url":"https:\/\/prosystems.webkursai.lt\/en\/","name":"Greziniai365.lt","description":"in\u017einerin\u0117 \u012fmon\u0117","publisher":{"@id":"https:\/\/prosystems.webkursai.lt\/en\/#organization"},"potentialAction":[{"@type":"SearchAction","target":{"@type":"EntryPoint","urlTemplate":"https:\/\/prosystems.webkursai.lt\/en\/?s={search_term_string}"},"query-input":{"@type":"PropertyValueSpecification","valueRequired":true,"valueName":"search_term_string"}}],"inLanguage":"en-US"},{"@type":"Organization","@id":"https:\/\/prosystems.webkursai.lt\/en\/#organization","name":"Greziniai365.lt","url":"https:\/\/prosystems.webkursai.lt\/en\/","logo":{"@type":"ImageObject","inLanguage":"en-US","@id":"https:\/\/prosystems.webkursai.lt\/en\/#\/schema\/logo\/image\/","url":"http:\/\/prosystems.webkursai.lt\/wp-content\/uploads\/2025\/12\/greziniai.png","contentUrl":"http:\/\/prosystems.webkursai.lt\/wp-content\/uploads\/2025\/12\/greziniai.png","width":936,"height":430,"caption":"Greziniai365.lt"},"image":{"@id":"https:\/\/prosystems.webkursai.lt\/en\/#\/schema\/logo\/image\/"}}]}},"_links":{"self":[{"href":"https:\/\/prosystems.webkursai.lt\/en\/wp-json\/wp\/v2\/pages\/457","targetHints":{"allow":["GET"]}}],"collection":[{"href":"https:\/\/prosystems.webkursai.lt\/en\/wp-json\/wp\/v2\/pages"}],"about":[{"href":"https:\/\/prosystems.webkursai.lt\/en\/wp-json\/wp\/v2\/types\/page"}],"author":[{"embeddable":true,"href":"https:\/\/prosystems.webkursai.lt\/en\/wp-json\/wp\/v2\/users\/1"}],"replies":[{"embeddable":true,"href":"https:\/\/prosystems.webkursai.lt\/en\/wp-json\/wp\/v2\/comments?post=457"}],"version-history":[{"count":2,"href":"https:\/\/prosystems.webkursai.lt\/en\/wp-json\/wp\/v2\/pages\/457\/revisions"}],"predecessor-version":[{"id":539,"href":"https:\/\/prosystems.webkursai.lt\/en\/wp-json\/wp\/v2\/pages\/457\/revisions\/539"}],"up":[{"embeddable":true,"href":"https:\/\/prosystems.webkursai.lt\/en\/wp-json\/wp\/v2\/pages\/455"}],"wp:attachment":[{"href":"https:\/\/prosystems.webkursai.lt\/en\/wp-json\/wp\/v2\/media?parent=457"}],"curies":[{"name":"wp","href":"https:\/\/api.w.org\/{rel}","templated":true}]}}