{"id":458,"date":"2026-02-22T06:50:19","date_gmt":"2026-02-22T06:50:19","guid":{"rendered":"https:\/\/prosystems.webkursai.lt\/veikla\/svok\/"},"modified":"2026-02-22T16:59:43","modified_gmt":"2026-02-22T16:59:43","slug":"hvac","status":"publish","type":"page","link":"https:\/\/prosystems.webkursai.lt\/en\/activity\/hvac\/","title":{"rendered":"HVAC"},"content":{"rendered":"<div class=\"wpb-content-wrapper\"><p>[vc_row gap=&#8221;35&#8243; equal_height=&#8221;yes&#8221; content_placement=&#8221;middle&#8221; css=&#8221;.vc_custom_1771766517466{border-color: #000000 !important;}&#8221; woodmart_css_id=&#8221;699b02f04393e&#8221; responsive_spacing=&#8221;eyJwYXJhbV90eXBlIjoid29vZG1hcnRfcmVzcG9uc2l2ZV9zcGFjaW5nIiwic2VsZWN0b3JfaWQiOiI2OTliMDJmMDQzOTNlIiwic2hvcnRjb2RlIjoidmNfcm93IiwiZGF0YSI6eyJ0YWJsZXQiOnt9LCJtb2JpbGUiOnt9fX0=&#8221; mobile_bg_img_hidden=&#8221;no&#8221; tablet_bg_img_hidden=&#8221;no&#8221; woodmart_parallax=&#8221;0&#8243; woodmart_gradient_switch=&#8221;no&#8221; woodmart_box_shadow=&#8221;no&#8221; wd_z_index=&#8221;no&#8221; woodmart_disable_overflow=&#8221;0&#8243; row_reverse_mobile=&#8221;0&#8243; row_reverse_tablet=&#8221;0&#8243;][vc_column width=&#8221;1\/2&#8243; css=&#8221;.vc_custom_1771766537591{margin-top: 0px !important;margin-bottom: 0px !important;padding-top: 0px !important;padding-bottom: 0px !important;}&#8221; woodmart_css_id=&#8221;699b0304c9b44&#8243; parallax_scroll=&#8221;no&#8221; woodmart_sticky_column=&#8221;false&#8221; wd_collapsible_content_switcher=&#8221;no&#8221; wd_column_role_offcanvas_desktop=&#8221;no&#8221; wd_column_role_offcanvas_tablet=&#8221;no&#8221; wd_column_role_offcanvas_mobile=&#8221;no&#8221; wd_column_role_content_desktop=&#8221;no&#8221; wd_column_role_content_tablet=&#8221;no&#8221; wd_column_role_content_mobile=&#8221;no&#8221; mobile_bg_img_hidden=&#8221;no&#8221; tablet_bg_img_hidden=&#8221;no&#8221; woodmart_parallax=&#8221;0&#8243; woodmart_box_shadow=&#8221;no&#8221; responsive_spacing=&#8221;eyJwYXJhbV90eXBlIjoid29vZG1hcnRfcmVzcG9uc2l2ZV9zcGFjaW5nIiwic2VsZWN0b3JfaWQiOiI2OTliMDMwNGM5YjQ0Iiwic2hvcnRjb2RlIjoidmNfY29sdW1uIiwiZGF0YSI6eyJ0YWJsZXQiOnt9LCJtb2JpbGUiOnt9fX0=&#8221; mobile_reset_margin=&#8221;no&#8221; tablet_reset_margin=&#8221;no&#8221; wd_z_index=&#8221;no&#8221;]\t\t<div id=\"wd-699b030a62b4a\" class=\"wd-image wd-wpb wd-rs-699b030a62b4a text-left vc_custom_1771766542423\">\n\t\t\t\n\t\t\t<img loading=\"lazy\" decoding=\"async\" width=\"2121\" height=\"1414\" src=\"https:\/\/prosystems.webkursai.lt\/wp-content\/uploads\/2026\/02\/iyeM1PYDSMUCkfGx-C8Tm6cOwOJNdo3xlkKcF4aSnm3zR-k4_UOiBMn8IEsiveVp2IMzTSioJvYsWaNUjRxUTXpXQqhx-5cvQuJXNUFq1fY.jpg\" class=\"attachment-full size-full\" alt=\"\" srcset=\"https:\/\/prosystems.webkursai.lt\/wp-content\/uploads\/2026\/02\/iyeM1PYDSMUCkfGx-C8Tm6cOwOJNdo3xlkKcF4aSnm3zR-k4_UOiBMn8IEsiveVp2IMzTSioJvYsWaNUjRxUTXpXQqhx-5cvQuJXNUFq1fY.jpg 2121w, https:\/\/prosystems.webkursai.lt\/wp-content\/uploads\/2026\/02\/iyeM1PYDSMUCkfGx-C8Tm6cOwOJNdo3xlkKcF4aSnm3zR-k4_UOiBMn8IEsiveVp2IMzTSioJvYsWaNUjRxUTXpXQqhx-5cvQuJXNUFq1fY-300x200.jpg 300w, https:\/\/prosystems.webkursai.lt\/wp-content\/uploads\/2026\/02\/iyeM1PYDSMUCkfGx-C8Tm6cOwOJNdo3xlkKcF4aSnm3zR-k4_UOiBMn8IEsiveVp2IMzTSioJvYsWaNUjRxUTXpXQqhx-5cvQuJXNUFq1fY-1024x683.jpg 1024w, https:\/\/prosystems.webkursai.lt\/wp-content\/uploads\/2026\/02\/iyeM1PYDSMUCkfGx-C8Tm6cOwOJNdo3xlkKcF4aSnm3zR-k4_UOiBMn8IEsiveVp2IMzTSioJvYsWaNUjRxUTXpXQqhx-5cvQuJXNUFq1fY-768x512.jpg 768w, https:\/\/prosystems.webkursai.lt\/wp-content\/uploads\/2026\/02\/iyeM1PYDSMUCkfGx-C8Tm6cOwOJNdo3xlkKcF4aSnm3zR-k4_UOiBMn8IEsiveVp2IMzTSioJvYsWaNUjRxUTXpXQqhx-5cvQuJXNUFq1fY-1536x1024.jpg 1536w, https:\/\/prosystems.webkursai.lt\/wp-content\/uploads\/2026\/02\/iyeM1PYDSMUCkfGx-C8Tm6cOwOJNdo3xlkKcF4aSnm3zR-k4_UOiBMn8IEsiveVp2IMzTSioJvYsWaNUjRxUTXpXQqhx-5cvQuJXNUFq1fY-2048x1365.jpg 2048w\" sizes=\"auto, (max-width: 2121px) 100vw, 2121px\" \/>\n\t\t\t\t\t<\/div>\n\t\t[\/vc_column][vc_column width=&#8221;1\/2&#8243; css=&#8221;.vc_custom_1771766620813{border-top-width: 1px !important;border-right-width: 1px !important;border-bottom-width: 1px !important;border-left-width: 1px !important;padding-top: 50px !important;padding-right: 50px !important;padding-left: 50px !important;border-left-style: solid !important;border-right-style: solid !important;border-top-style: solid !important;border-bottom-style: solid !important;border-radius: 35px !important;border-color: #000000 !important;}&#8221; woodmart_css_id=&#8221;699b03556a28a&#8221; parallax_scroll=&#8221;no&#8221; woodmart_sticky_column=&#8221;false&#8221; wd_collapsible_content_switcher=&#8221;no&#8221; wd_column_role_offcanvas_desktop=&#8221;no&#8221; wd_column_role_offcanvas_tablet=&#8221;no&#8221; wd_column_role_offcanvas_mobile=&#8221;no&#8221; wd_column_role_content_desktop=&#8221;no&#8221; wd_column_role_content_tablet=&#8221;no&#8221; wd_column_role_content_mobile=&#8221;no&#8221; mobile_bg_img_hidden=&#8221;no&#8221; tablet_bg_img_hidden=&#8221;no&#8221; woodmart_parallax=&#8221;0&#8243; woodmart_box_shadow=&#8221;no&#8221; responsive_spacing=&#8221;eyJwYXJhbV90eXBlIjoid29vZG1hcnRfcmVzcG9uc2l2ZV9zcGFjaW5nIiwic2VsZWN0b3JfaWQiOiI2OTliMDM1NTZhMjhhIiwic2hvcnRjb2RlIjoidmNfY29sdW1uIiwiZGF0YSI6eyJ0YWJsZXQiOnt9LCJtb2JpbGUiOnsibWFyZ2luLXRvcCI6IjEwcHgifX19&#8243; mobile_reset_margin=&#8221;no&#8221; tablet_reset_margin=&#8221;no&#8221; wd_z_index=&#8221;no&#8221;]\n\t\t<div id=\"wd-699b35e4d51fa\" class=\"title-wrapper wd-wpb wd-set-mb reset-last-child  wd-rs-699b35e4d51fa wd-title-color-default wd-title-style-default text-left  wd-underline-colored\">\n\t\t\t\n\t\t\t<div class=\"liner-continer\">\n\t\t\t\t<h4 class=\"woodmart-title-container title  wd-font-weight- wd-fontsize-l\" >HVAC (heating, ventilation, and air conditioning)<\/h4>\n\t\t\t\t\t\t\t<\/div>\n\t\t\t\n\t\t\t\n\t\t\t\n\t\t<\/div>\n\t\t\n\t\t\t\t<div id=\"wd-699b35ecbbc5b\" class=\"wd-text-block wd-wpb reset-last-child wd-rs-699b35ecbbc5b text-left \">\n\t\t\t<p>Advanced temperature control, modern environmentally friendly equipment, and systems are essential factors in achieving an optimal indoor microclimate in residential, office, and industrial premises. Achieving the ideal microclimate using eco-friendly renewable energy sources is not a challenge for us, while at the same time reducing energy consumption and considering environmental impact.<\/p>\n\t\t<\/div>\n\t\t[\/vc_column][\/vc_row]<\/p>\n<\/div>","protected":false},"excerpt":{"rendered":"<p>[vc_row gap=&#8221;35&#8243; equal_height=&#8221;yes&#8221; content_placement=&#8221;middle&#8221; css=&#8221;.vc_custom_1771766517466{border-color: #000000 !important;}&#8221; woodmart_css_id=&#8221;699b02f04393e&#8221; responsive_spacing=&#8221;eyJwYXJhbV90eXBlIjoid29vZG1hcnRfcmVzcG9uc2l2ZV9zcGFjaW5nIiwic2VsZWN0b3JfaWQiOiI2OTliMDJmMDQzOTNlIiwic2hvcnRjb2RlIjoidmNfcm93IiwiZGF0YSI6eyJ0YWJsZXQiOnt9LCJtb2JpbGUiOnt9fX0=&#8221; mobile_bg_img_hidden=&#8221;no&#8221; tablet_bg_img_hidden=&#8221;no&#8221; woodmart_parallax=&#8221;0&#8243; woodmart_gradient_switch=&#8221;no&#8221; woodmart_box_shadow=&#8221;no&#8221; wd_z_index=&#8221;no&#8221; woodmart_disable_overflow=&#8221;0&#8243; row_reverse_mobile=&#8221;0&#8243; row_reverse_tablet=&#8221;0&#8243;][vc_column width=&#8221;1\/2&#8243; css=&#8221;.vc_custom_1771766537591{margin-top:<\/p>\n","protected":false},"author":1,"featured_media":0,"parent":455,"menu_order":0,"comment_status":"closed","ping_status":"closed","template":"","meta":{"_monsterinsights_skip_tracking":false,"_monsterinsights_sitenote_active":false,"_monsterinsights_sitenote_note":"","_monsterinsights_sitenote_category":0,"footnotes":""},"class_list":["post-458","page","type-page","status-publish","hentry"],"yoast_head":"<!-- This site is optimized with the Yoast SEO plugin v27.2 - https:\/\/yoast.com\/product\/yoast-seo-wordpress\/ -->\n<title>HVAC - prosystems.lt<\/title>\n<meta name=\"robots\" content=\"index, follow, max-snippet:-1, max-image-preview:large, max-video-preview:-1\" \/>\n<link rel=\"canonical\" href=\"https:\/\/prosystems.webkursai.lt\/en\/activity\/hvac\/\" \/>\n<meta property=\"og:locale\" content=\"en_US\" \/>\n<meta property=\"og:type\" content=\"article\" \/>\n<meta property=\"og:title\" content=\"HVAC - prosystems.lt\" \/>\n<meta property=\"og:url\" content=\"https:\/\/prosystems.webkursai.lt\/en\/activity\/hvac\/\" \/>\n<meta property=\"og:site_name\" content=\"prosystems.lt\" \/>\n<meta property=\"article:modified_time\" content=\"2026-02-22T16:59:43+00:00\" \/>\n<meta name=\"twitter:card\" content=\"summary_large_image\" \/>\n<meta name=\"twitter:label1\" content=\"Est. reading time\" \/>\n\t<meta name=\"twitter:data1\" content=\"2 minutes\" \/>\n<script type=\"application\/ld+json\" class=\"yoast-schema-graph\">{\"@context\":\"https:\/\/schema.org\",\"@graph\":[{\"@type\":\"WebPage\",\"@id\":\"https:\/\/prosystems.webkursai.lt\/en\/activity\/hvac\/\",\"url\":\"https:\/\/prosystems.webkursai.lt\/en\/activity\/hvac\/\",\"name\":\"HVAC - prosystems.lt\",\"isPartOf\":{\"@id\":\"https:\/\/prosystems.webkursai.lt\/en\/#website\"},\"datePublished\":\"2026-02-22T06:50:19+00:00\",\"dateModified\":\"2026-02-22T16:59:43+00:00\",\"breadcrumb\":{\"@id\":\"https:\/\/prosystems.webkursai.lt\/en\/activity\/hvac\/#breadcrumb\"},\"inLanguage\":\"en-US\",\"potentialAction\":[{\"@type\":\"ReadAction\",\"target\":[\"https:\/\/prosystems.webkursai.lt\/en\/activity\/hvac\/\"]}]},{\"@type\":\"BreadcrumbList\",\"@id\":\"https:\/\/prosystems.webkursai.lt\/en\/activity\/hvac\/#breadcrumb\",\"itemListElement\":[{\"@type\":\"ListItem\",\"position\":1,\"name\":\"Home\",\"item\":\"https:\/\/prosystems.webkursai.lt\/en\/\"},{\"@type\":\"ListItem\",\"position\":2,\"name\":\"Activity\",\"item\":\"https:\/\/prosystems.webkursai.lt\/en\/activity\/\"},{\"@type\":\"ListItem\",\"position\":3,\"name\":\"HVAC\"}]},{\"@type\":\"WebSite\",\"@id\":\"https:\/\/prosystems.webkursai.lt\/en\/#website\",\"url\":\"https:\/\/prosystems.webkursai.lt\/en\/\",\"name\":\"Greziniai365.lt\",\"description\":\"in\u017einerin\u0117 \u012fmon\u0117\",\"publisher\":{\"@id\":\"https:\/\/prosystems.webkursai.lt\/en\/#organization\"},\"potentialAction\":[{\"@type\":\"SearchAction\",\"target\":{\"@type\":\"EntryPoint\",\"urlTemplate\":\"https:\/\/prosystems.webkursai.lt\/en\/?s={search_term_string}\"},\"query-input\":{\"@type\":\"PropertyValueSpecification\",\"valueRequired\":true,\"valueName\":\"search_term_string\"}}],\"inLanguage\":\"en-US\"},{\"@type\":\"Organization\",\"@id\":\"https:\/\/prosystems.webkursai.lt\/en\/#organization\",\"name\":\"Greziniai365.lt\",\"url\":\"https:\/\/prosystems.webkursai.lt\/en\/\",\"logo\":{\"@type\":\"ImageObject\",\"inLanguage\":\"en-US\",\"@id\":\"https:\/\/prosystems.webkursai.lt\/en\/#\/schema\/logo\/image\/\",\"url\":\"http:\/\/prosystems.webkursai.lt\/wp-content\/uploads\/2025\/12\/greziniai.png\",\"contentUrl\":\"http:\/\/prosystems.webkursai.lt\/wp-content\/uploads\/2025\/12\/greziniai.png\",\"width\":936,\"height\":430,\"caption\":\"Greziniai365.lt\"},\"image\":{\"@id\":\"https:\/\/prosystems.webkursai.lt\/en\/#\/schema\/logo\/image\/\"}}]}<\/script>\n<!-- \/ Yoast SEO plugin. -->","yoast_head_json":{"title":"HVAC - prosystems.lt","robots":{"index":"index","follow":"follow","max-snippet":"max-snippet:-1","max-image-preview":"max-image-preview:large","max-video-preview":"max-video-preview:-1"},"canonical":"https:\/\/prosystems.webkursai.lt\/en\/activity\/hvac\/","og_locale":"en_US","og_type":"article","og_title":"HVAC - prosystems.lt","og_url":"https:\/\/prosystems.webkursai.lt\/en\/activity\/hvac\/","og_site_name":"prosystems.lt","article_modified_time":"2026-02-22T16:59:43+00:00","twitter_card":"summary_large_image","twitter_misc":{"Est. reading time":"2 minutes"},"schema":{"@context":"https:\/\/schema.org","@graph":[{"@type":"WebPage","@id":"https:\/\/prosystems.webkursai.lt\/en\/activity\/hvac\/","url":"https:\/\/prosystems.webkursai.lt\/en\/activity\/hvac\/","name":"HVAC - prosystems.lt","isPartOf":{"@id":"https:\/\/prosystems.webkursai.lt\/en\/#website"},"datePublished":"2026-02-22T06:50:19+00:00","dateModified":"2026-02-22T16:59:43+00:00","breadcrumb":{"@id":"https:\/\/prosystems.webkursai.lt\/en\/activity\/hvac\/#breadcrumb"},"inLanguage":"en-US","potentialAction":[{"@type":"ReadAction","target":["https:\/\/prosystems.webkursai.lt\/en\/activity\/hvac\/"]}]},{"@type":"BreadcrumbList","@id":"https:\/\/prosystems.webkursai.lt\/en\/activity\/hvac\/#breadcrumb","itemListElement":[{"@type":"ListItem","position":1,"name":"Home","item":"https:\/\/prosystems.webkursai.lt\/en\/"},{"@type":"ListItem","position":2,"name":"Activity","item":"https:\/\/prosystems.webkursai.lt\/en\/activity\/"},{"@type":"ListItem","position":3,"name":"HVAC"}]},{"@type":"WebSite","@id":"https:\/\/prosystems.webkursai.lt\/en\/#website","url":"https:\/\/prosystems.webkursai.lt\/en\/","name":"Greziniai365.lt","description":"in\u017einerin\u0117 \u012fmon\u0117","publisher":{"@id":"https:\/\/prosystems.webkursai.lt\/en\/#organization"},"potentialAction":[{"@type":"SearchAction","target":{"@type":"EntryPoint","urlTemplate":"https:\/\/prosystems.webkursai.lt\/en\/?s={search_term_string}"},"query-input":{"@type":"PropertyValueSpecification","valueRequired":true,"valueName":"search_term_string"}}],"inLanguage":"en-US"},{"@type":"Organization","@id":"https:\/\/prosystems.webkursai.lt\/en\/#organization","name":"Greziniai365.lt","url":"https:\/\/prosystems.webkursai.lt\/en\/","logo":{"@type":"ImageObject","inLanguage":"en-US","@id":"https:\/\/prosystems.webkursai.lt\/en\/#\/schema\/logo\/image\/","url":"http:\/\/prosystems.webkursai.lt\/wp-content\/uploads\/2025\/12\/greziniai.png","contentUrl":"http:\/\/prosystems.webkursai.lt\/wp-content\/uploads\/2025\/12\/greziniai.png","width":936,"height":430,"caption":"Greziniai365.lt"},"image":{"@id":"https:\/\/prosystems.webkursai.lt\/en\/#\/schema\/logo\/image\/"}}]}},"_links":{"self":[{"href":"https:\/\/prosystems.webkursai.lt\/en\/wp-json\/wp\/v2\/pages\/458","targetHints":{"allow":["GET"]}}],"collection":[{"href":"https:\/\/prosystems.webkursai.lt\/en\/wp-json\/wp\/v2\/pages"}],"about":[{"href":"https:\/\/prosystems.webkursai.lt\/en\/wp-json\/wp\/v2\/types\/page"}],"author":[{"embeddable":true,"href":"https:\/\/prosystems.webkursai.lt\/en\/wp-json\/wp\/v2\/users\/1"}],"replies":[{"embeddable":true,"href":"https:\/\/prosystems.webkursai.lt\/en\/wp-json\/wp\/v2\/comments?post=458"}],"version-history":[{"count":1,"href":"https:\/\/prosystems.webkursai.lt\/en\/wp-json\/wp\/v2\/pages\/458\/revisions"}],"predecessor-version":[{"id":473,"href":"https:\/\/prosystems.webkursai.lt\/en\/wp-json\/wp\/v2\/pages\/458\/revisions\/473"}],"up":[{"embeddable":true,"href":"https:\/\/prosystems.webkursai.lt\/en\/wp-json\/wp\/v2\/pages\/455"}],"wp:attachment":[{"href":"https:\/\/prosystems.webkursai.lt\/en\/wp-json\/wp\/v2\/media?parent=458"}],"curies":[{"name":"wp","href":"https:\/\/api.w.org\/{rel}","templated":true}]}}